{"id":755,"date":"2020-03-31T07:54:17","date_gmt":"2020-03-31T07:54:17","guid":{"rendered":"http:\/\/www.autocamper.ee\/BLS_test\/?page_id=755"},"modified":"2020-11-24T16:19:48","modified_gmt":"2020-11-24T14:19:48","slug":"glucose-tubes","status":"publish","type":"page","link":"https:\/\/www.blsystems.ee\/en\/vere-kogumise-katsutid\/glucose-tubes\/","title":{"rendered":"Glucose Tubes"},"content":{"rendered":"<blockquote class=\"wp-block-quote is-layout-flow wp-block-quote-is-layout-flow\"><p><a href=\"http:\/\/www.blsystems.ee\/en\/vere-kogumise-katsutid\/\">Blood Collection Tubes<\/a>\u00a0| Gl\u00fckoosi katsutid<\/p><\/blockquote>\n\n\n\n<h3 class=\"wp-block-heading\">VACUSENCE <br>Glucose Tubes<\/h3>\n\n\n\n<p class=\"has-regular-font-size\">Glucose tubes are used for glucose determinations like blood sugar and sugar tolerance.<\/p>\n\n\n\n<ul class=\"wp-block-list\"><li>Vacusence Glucose Tubes contain Sodium Fluoride and K3EDTA, and also Sodium Fluoride and Potassium Oxalate.<\/li><\/ul>\n\n\n\n<h4 class=\"wp-block-heading\">2 ml | 4 ml<\/h4>","protected":false},"excerpt":{"rendered":"<p>Katsutid\u00a0| Gl\u00fckoosi katsutid VACUSENCE Glucose Tubes Gl\u00fckoosi katsutid on m\u00f5eldud gl\u00fckoosi m\u00e4\u00e4ramiseks, nagu veresuhkur ja suhkrutolerants. Gl\u00fckoosi katsutid sisaldavad naatriumfluoriidi ja K3 EDTA, samuti naatriumfluoriidi ja kaaliumoksalaati. 2 ml | 4 ml<\/p>","protected":false},"author":1,"featured_media":1712,"parent":566,"menu_order":0,"comment_status":"closed","ping_status":"closed","template":"","meta":{"footnotes":""},"class_list":["post-755","page","type-page","status-publish","has-post-thumbnail","hentry"],"_links":{"self":[{"href":"https:\/\/www.blsystems.ee\/en\/wp-json\/wp\/v2\/pages\/755","targetHints":{"allow":["GET"]}}],"collection":[{"href":"https:\/\/www.blsystems.ee\/en\/wp-json\/wp\/v2\/pages"}],"about":[{"href":"https:\/\/www.blsystems.ee\/en\/wp-json\/wp\/v2\/types\/page"}],"author":[{"embeddable":true,"href":"https:\/\/www.blsystems.ee\/en\/wp-json\/wp\/v2\/users\/1"}],"replies":[{"embeddable":true,"href":"https:\/\/www.blsystems.ee\/en\/wp-json\/wp\/v2\/comments?post=755"}],"version-history":[{"count":2,"href":"https:\/\/www.blsystems.ee\/en\/wp-json\/wp\/v2\/pages\/755\/revisions"}],"predecessor-version":[{"id":1972,"href":"https:\/\/www.blsystems.ee\/en\/wp-json\/wp\/v2\/pages\/755\/revisions\/1972"}],"up":[{"embeddable":true,"href":"https:\/\/www.blsystems.ee\/en\/wp-json\/wp\/v2\/pages\/566"}],"wp:featuredmedia":[{"embeddable":true,"href":"https:\/\/www.blsystems.ee\/en\/wp-json\/wp\/v2\/media\/1712"}],"wp:attachment":[{"href":"https:\/\/www.blsystems.ee\/en\/wp-json\/wp\/v2\/media?parent=755"}],"curies":[{"name":"wp","href":"https:\/\/api.w.org\/{rel}","templated":true}]}}