{"id":746,"date":"2020-03-31T07:50:53","date_gmt":"2020-03-31T07:50:53","guid":{"rendered":"http:\/\/www.autocamper.ee\/BLS_test\/?page_id=746"},"modified":"2020-11-24T16:20:33","modified_gmt":"2020-11-24T14:20:33","slug":"heparin-tubes","status":"publish","type":"page","link":"https:\/\/www.blsystems.ee\/en\/vere-kogumise-katsutid\/heparin-tubes\/","title":{"rendered":"Heparin Tubes"},"content":{"rendered":"<blockquote class=\"wp-block-quote is-layout-flow wp-block-quote-is-layout-flow\"><p><a href=\"http:\/\/www.blsystems.ee\/en\/vere-kogumise-katsutid\/\">Blood Collection Tubes<\/a>\u00a0| Hepariiniga katsutid<\/p><\/blockquote>\n\n\n\n<h3 class=\"wp-block-heading\">VACUSENCE <br>Heparin Tubes <\/h3>\n\n\n\n<p>Sodium Heparin or Lithium Heparin Tubes are used for plasma determinations in clinical chemistry.<\/p>\n\n\n\n<ul class=\"wp-block-list\"><li>Heparin Tubes are coated with Lithium Heparin or Sodium Heparin to inhibit clotting.<\/li><li>The Heparin Tubes are also available with Gel separator. <\/li><li>Sodium Heparin Tubes.<\/li><li>Lithium Heparin Tubes. <\/li><\/ul>\n\n\n\n<h4 class=\"wp-block-heading\">2 ml | 3 ml | 4 ml | 5 ml | 6 ml | 8 ml | 9 ml<\/h4>","protected":false},"excerpt":{"rendered":"<p>Katsutid\u00a0| Hepariiniga katsutid VACUSENCE Heparin Tubes Vacusence Heparin Tubes on m\u00f5eldud plasma anal\u00fc\u00fcsideks kliinilises keemias. Hepariini sisaldavad katsutid on kaetud liitiumhepariiniga v\u00f5i naatriumhepariiniga. Liitiumhepariiniga katsutid on saadaval ka geelseparaatoriga. LH Liitiumhepariini katsutid. NH naatriumhepariini katsutid. 2 ml | 3 ml [&hellip;]<\/p>\n","protected":false},"author":1,"featured_media":1701,"parent":566,"menu_order":0,"comment_status":"closed","ping_status":"closed","template":"","meta":{"footnotes":""},"class_list":["post-746","page","type-page","status-publish","has-post-thumbnail","hentry"],"_links":{"self":[{"href":"https:\/\/www.blsystems.ee\/en\/wp-json\/wp\/v2\/pages\/746","targetHints":{"allow":["GET"]}}],"collection":[{"href":"https:\/\/www.blsystems.ee\/en\/wp-json\/wp\/v2\/pages"}],"about":[{"href":"https:\/\/www.blsystems.ee\/en\/wp-json\/wp\/v2\/types\/page"}],"author":[{"embeddable":true,"href":"https:\/\/www.blsystems.ee\/en\/wp-json\/wp\/v2\/users\/1"}],"replies":[{"embeddable":true,"href":"https:\/\/www.blsystems.ee\/en\/wp-json\/wp\/v2\/comments?post=746"}],"version-history":[{"count":2,"href":"https:\/\/www.blsystems.ee\/en\/wp-json\/wp\/v2\/pages\/746\/revisions"}],"predecessor-version":[{"id":1973,"href":"https:\/\/www.blsystems.ee\/en\/wp-json\/wp\/v2\/pages\/746\/revisions\/1973"}],"up":[{"embeddable":true,"href":"https:\/\/www.blsystems.ee\/en\/wp-json\/wp\/v2\/pages\/566"}],"wp:featuredmedia":[{"embeddable":true,"href":"https:\/\/www.blsystems.ee\/en\/wp-json\/wp\/v2\/media\/1701"}],"wp:attachment":[{"href":"https:\/\/www.blsystems.ee\/en\/wp-json\/wp\/v2\/media?parent=746"}],"curies":[{"name":"wp","href":"https:\/\/api.w.org\/{rel}","templated":true}]}}