{"id":741,"date":"2020-03-31T07:45:29","date_gmt":"2020-03-31T07:45:29","guid":{"rendered":"http:\/\/www.autocamper.ee\/BLS_test\/?page_id=741"},"modified":"2020-11-24T16:20:51","modified_gmt":"2020-11-24T14:20:51","slug":"k2edta-tubes-k3edta-tubes","status":"publish","type":"page","link":"https:\/\/www.blsystems.ee\/en\/vere-kogumise-katsutid\/k2edta-tubes-k3edta-tubes\/","title":{"rendered":"K2EDTA &amp; K3EDTA Tubes"},"content":{"rendered":"<blockquote class=\"wp-block-quote is-layout-flow wp-block-quote-is-layout-flow\"><p><a href=\"http:\/\/www.blsystems.ee\/en\/vere-kogumise-katsutid\/\">Blood Collection Tubes<\/a>\u00a0| K2EDTA &amp; K3EDTA katsutid<\/p><\/blockquote>\n\n\n\n<h3 class=\"wp-block-heading\">VACUSENCE <br>K2EDTA Tubes &amp; K3EDTA Tubes<\/h3>\n\n\n\n<p class=\"has-regular-font-size\">Vacusence K2EDTA and K3EDTA Tubes are for examination of blood within haematology.<\/p>\n\n\n\n<ul class=\"wp-block-list\"><li>K2EDTA and Gel is mainly used for molecular diagnostics.<\/li><li>VACUSENCE 9NC coagulation sodium citrate 3.2%.<\/li><li>K2EDTA ja K3EDTA tubes.<\/li><\/ul>\n\n\n\n<h4 class=\"wp-block-heading\">1 ml | 2 ml | 3 ml | 4 ml | 4.5 ml | 6 ml | 8 ml | 9 ml<\/h4>\n\n\n\n<p><\/p>","protected":false},"excerpt":{"rendered":"<p>Katsutid\u00a0| K2EDTA &amp; K3EDTA katsutid VACUSENCE K2EDTA Tubes &amp; K3EDTA Tubes VAKUSENCE K2EDTA Tubes on m\u00f5eldud t\u00e4isvere uurimiseks hematoloogias. K2EDTA ja GEL katsuteid kasutatakse peamiselt molekulaardiagnostikas. VACUSENCE 9NC h\u00fc\u00fcbimisnaatriumi tsitraat 3,2%. K2EDTA ja K3EDTA katsutid. 1 ml | 2 ml [&hellip;]<\/p>\n","protected":false},"author":1,"featured_media":1697,"parent":566,"menu_order":0,"comment_status":"closed","ping_status":"closed","template":"","meta":{"footnotes":""},"class_list":["post-741","page","type-page","status-publish","has-post-thumbnail","hentry"],"_links":{"self":[{"href":"https:\/\/www.blsystems.ee\/en\/wp-json\/wp\/v2\/pages\/741","targetHints":{"allow":["GET"]}}],"collection":[{"href":"https:\/\/www.blsystems.ee\/en\/wp-json\/wp\/v2\/pages"}],"about":[{"href":"https:\/\/www.blsystems.ee\/en\/wp-json\/wp\/v2\/types\/page"}],"author":[{"embeddable":true,"href":"https:\/\/www.blsystems.ee\/en\/wp-json\/wp\/v2\/users\/1"}],"replies":[{"embeddable":true,"href":"https:\/\/www.blsystems.ee\/en\/wp-json\/wp\/v2\/comments?post=741"}],"version-history":[{"count":2,"href":"https:\/\/www.blsystems.ee\/en\/wp-json\/wp\/v2\/pages\/741\/revisions"}],"predecessor-version":[{"id":1974,"href":"https:\/\/www.blsystems.ee\/en\/wp-json\/wp\/v2\/pages\/741\/revisions\/1974"}],"up":[{"embeddable":true,"href":"https:\/\/www.blsystems.ee\/en\/wp-json\/wp\/v2\/pages\/566"}],"wp:featuredmedia":[{"embeddable":true,"href":"https:\/\/www.blsystems.ee\/en\/wp-json\/wp\/v2\/media\/1697"}],"wp:attachment":[{"href":"https:\/\/www.blsystems.ee\/en\/wp-json\/wp\/v2\/media?parent=741"}],"curies":[{"name":"wp","href":"https:\/\/api.w.org\/{rel}","templated":true}]}}