{"id":730,"date":"2020-03-31T07:35:02","date_gmt":"2020-03-31T07:35:02","guid":{"rendered":"http:\/\/www.autocamper.ee\/BLS_test\/?page_id=730"},"modified":"2020-11-24T16:22:40","modified_gmt":"2020-11-24T14:22:40","slug":"coagulation-tubes","status":"publish","type":"page","link":"https:\/\/www.blsystems.ee\/en\/vere-kogumise-katsutid\/coagulation-tubes\/","title":{"rendered":"Coagulation Tubes"},"content":{"rendered":"<blockquote class=\"wp-block-quote is-layout-flow wp-block-quote-is-layout-flow\"><p><a href=\"http:\/\/www.blsystems.ee\/en\/vere-kogumise-katsutid\/\">Blood Collection Tubes<\/a>\u00a0| H\u00fc\u00fcbimise katsutid<\/p><\/blockquote>\n\n\n\n<h3 class=\"wp-block-heading\">VACUSENCE <br>Coagulation Tubes<\/h3>\n\n\n\n<p>Vitrex Vacusence Coagulation Tubes are used for blood coagulation tests.                                      <\/p>\n\n\n\n<ul class=\"wp-block-list\"><li>Coagulation Tubes have a buffered sodium citrate solution of 0.109 mol\/l (3.2%) or 0.129 mol\/l (3.8%). <\/li><li>Double Tube technology provides an excellent condition for the test of PT and APTT values.<\/li><\/ul>\n\n\n\n<h4 class=\"wp-block-heading\">1 ml | 1.8 ml | 2.7 ml | 4 ml<\/h4>","protected":false},"excerpt":{"rendered":"<p>Katsutid\u00a0| H\u00fc\u00fcbimise katsutid VACUSENCE Coagulation Tubes VACUSENCE Coagulation Tubes on m\u00f5eldud kasutamiseks vere h\u00fc\u00fcbimisanal\u00fc\u00fcside teostamiseks. Katsutitele on lisatud puhverdatud naatriumtsitraadi 0.109 mol\/l (3.2%) v\u00f5i 0.129 mol\/l (3.8 %) lahus. Double Tube tehnoloogia pakub suurep\u00e4raseid tingimusi PT ja APTT v\u00e4\u00e4rtuste testimiseks.. [&hellip;]<\/p>\n","protected":false},"author":1,"featured_media":1694,"parent":566,"menu_order":0,"comment_status":"closed","ping_status":"closed","template":"","meta":{"footnotes":""},"class_list":["post-730","page","type-page","status-publish","has-post-thumbnail","hentry"],"_links":{"self":[{"href":"https:\/\/www.blsystems.ee\/en\/wp-json\/wp\/v2\/pages\/730","targetHints":{"allow":["GET"]}}],"collection":[{"href":"https:\/\/www.blsystems.ee\/en\/wp-json\/wp\/v2\/pages"}],"about":[{"href":"https:\/\/www.blsystems.ee\/en\/wp-json\/wp\/v2\/types\/page"}],"author":[{"embeddable":true,"href":"https:\/\/www.blsystems.ee\/en\/wp-json\/wp\/v2\/users\/1"}],"replies":[{"embeddable":true,"href":"https:\/\/www.blsystems.ee\/en\/wp-json\/wp\/v2\/comments?post=730"}],"version-history":[{"count":2,"href":"https:\/\/www.blsystems.ee\/en\/wp-json\/wp\/v2\/pages\/730\/revisions"}],"predecessor-version":[{"id":1978,"href":"https:\/\/www.blsystems.ee\/en\/wp-json\/wp\/v2\/pages\/730\/revisions\/1978"}],"up":[{"embeddable":true,"href":"https:\/\/www.blsystems.ee\/en\/wp-json\/wp\/v2\/pages\/566"}],"wp:featuredmedia":[{"embeddable":true,"href":"https:\/\/www.blsystems.ee\/en\/wp-json\/wp\/v2\/media\/1694"}],"wp:attachment":[{"href":"https:\/\/www.blsystems.ee\/en\/wp-json\/wp\/v2\/media?parent=730"}],"curies":[{"name":"wp","href":"https:\/\/api.w.org\/{rel}","templated":true}]}}