{"id":672,"date":"2020-03-18T13:22:41","date_gmt":"2020-03-18T13:22:41","guid":{"rendered":"http:\/\/www.autocamper.ee\/BLS_test\/?page_id=672"},"modified":"2020-11-24T16:21:24","modified_gmt":"2020-11-24T14:21:24","slug":"serum-clot-activator-tubes","status":"publish","type":"page","link":"https:\/\/www.blsystems.ee\/en\/vere-kogumise-katsutid\/serum-clot-activator-tubes\/","title":{"rendered":"Serum Clot Activator Tubes"},"content":{"rendered":"<blockquote class=\"wp-block-quote is-layout-flow wp-block-quote-is-layout-flow\"><p><a href=\"http:\/\/www.blsystems.ee\/en\/vere-kogumise-katsutid\/\">Blood Collection Tubes<\/a>\u00a0| Seerumi h\u00fc\u00fcbimise katsutid<\/p><\/blockquote>\n\n\n\n<h3 class=\"wp-block-heading\">VACUSENCE <br>Serum Clot Activator Tubes<\/h3>\n\n\n\n<p>Vitrex Vacusence Serum Clot Activator Tubes are used for clinical biochemistry and immunology.<\/p>\n\n\n\n<ul class=\"wp-block-list\"><li>The inner wall of the Serum Clot Activator tube is specially coated with clot activator.<\/li><li>The tubes contain a gel; during centrifugation, the gel forms a stable barrier between serum and blood cells.<\/li><\/ul>\n\n\n\n<h4 class=\"wp-block-heading\">1ml | 2ml | 3ml | 4ml | 6ml | 9ml | 10 ml<\/h4>","protected":false},"excerpt":{"rendered":"<p>Katsutid\u00a0| Seerumi h\u00fc\u00fcbimise katsutid VACUSENCE Serum Clot Activator Tubes VACUSENCE Serum Clot Activator Tubes kasutatakse kliinilises biokeemias ja immunoloogias. Katsutite sisesein on spetsiaalselt kaetud h\u00fc\u00fcbimise aktivaatoriga. Katsutid sisaldavad geeli; tsentrifuugimise ajal moodustab geel stabiilse barj\u00e4\u00e4ri seerumi ja vererakkude vahel. 1ml [&hellip;]<\/p>\n","protected":false},"author":1,"featured_media":1685,"parent":566,"menu_order":0,"comment_status":"closed","ping_status":"closed","template":"","meta":{"footnotes":""},"class_list":["post-672","page","type-page","status-publish","has-post-thumbnail","hentry"],"_links":{"self":[{"href":"https:\/\/www.blsystems.ee\/en\/wp-json\/wp\/v2\/pages\/672","targetHints":{"allow":["GET"]}}],"collection":[{"href":"https:\/\/www.blsystems.ee\/en\/wp-json\/wp\/v2\/pages"}],"about":[{"href":"https:\/\/www.blsystems.ee\/en\/wp-json\/wp\/v2\/types\/page"}],"author":[{"embeddable":true,"href":"https:\/\/www.blsystems.ee\/en\/wp-json\/wp\/v2\/users\/1"}],"replies":[{"embeddable":true,"href":"https:\/\/www.blsystems.ee\/en\/wp-json\/wp\/v2\/comments?post=672"}],"version-history":[{"count":2,"href":"https:\/\/www.blsystems.ee\/en\/wp-json\/wp\/v2\/pages\/672\/revisions"}],"predecessor-version":[{"id":1976,"href":"https:\/\/www.blsystems.ee\/en\/wp-json\/wp\/v2\/pages\/672\/revisions\/1976"}],"up":[{"embeddable":true,"href":"https:\/\/www.blsystems.ee\/en\/wp-json\/wp\/v2\/pages\/566"}],"wp:featuredmedia":[{"embeddable":true,"href":"https:\/\/www.blsystems.ee\/en\/wp-json\/wp\/v2\/media\/1685"}],"wp:attachment":[{"href":"https:\/\/www.blsystems.ee\/en\/wp-json\/wp\/v2\/media?parent=672"}],"curies":[{"name":"wp","href":"https:\/\/api.w.org\/{rel}","templated":true}]}}