{"id":566,"date":"2020-03-16T12:32:02","date_gmt":"2020-03-16T12:32:02","guid":{"rendered":"http:\/\/www.autocamper.ee\/BLS_test\/?page_id=566"},"modified":"2020-11-24T13:35:51","modified_gmt":"2020-11-24T11:35:51","slug":"vere-kogumise-katsutid","status":"publish","type":"page","link":"https:\/\/www.blsystems.ee\/en\/vere-kogumise-katsutid\/","title":{"rendered":"Vere kogumise katsutid"},"content":{"rendered":"<h3 class=\"wp-block-heading\">Blood Collection Tubes<\/h3>\n\n\n\n<hr class=\"wp-block-separator is-style-wide\"\/>\n\n\n\n<div class=\"wp-block-columns is-layout-flex wp-container-core-columns-is-layout-9d6595d7 wp-block-columns-is-layout-flex\">\n<div class=\"wp-block-column is-layout-flow wp-block-column-is-layout-flow\">\n<div class=\"wp-block-buttons is-layout-flex wp-block-buttons-is-layout-flex\">\n<div class=\"wp-block-button\"><a class=\"wp-block-button__link has-text-color has-background\" href=\"\/en\/...\/Serum-Clot-Activator-Tubes\/\" style=\"background-color:#ffffff;color:#ffffff\"><img loading=\"lazy\" decoding=\"async\" width=\"300\" height=\"180\" class=\"wp-image-1684\" style=\"width: 300px;\" src=\"http:\/\/www.blsystems.ee\/wp-content\/uploads\/2020\/11\/Vacusence_Red_Vitrex102834_1000x600px.jpg\" alt=\"\" srcset=\"https:\/\/www.blsystems.ee\/wp-content\/uploads\/2020\/11\/Vacusence_Red_Vitrex102834_1000x600px.jpg 1000w, https:\/\/www.blsystems.ee\/wp-content\/uploads\/2020\/11\/Vacusence_Red_Vitrex102834_1000x600px-300x180.jpg 300w, https:\/\/www.blsystems.ee\/wp-content\/uploads\/2020\/11\/Vacusence_Red_Vitrex102834_1000x600px-768x461.jpg 768w, https:\/\/www.blsystems.ee\/wp-content\/uploads\/2020\/11\/Vacusence_Red_Vitrex102834_1000x600px-16x10.jpg 16w\" sizes=\"auto, (max-width: 300px) 100vw, 300px\" \/><br><\/a><\/div>\n<\/div>\n\n\n\n<p class=\"has-text-align-center has-grey-color has-text-color\"><a href=\"\/en\/...\/Serum-Clot-Activator-Tubes\/\">Serum Clot Activator Tubes<\/a><\/p>\n<\/div>\n\n\n\n<div class=\"wp-block-column is-layout-flow wp-block-column-is-layout-flow\">\n<div class=\"wp-block-buttons is-layout-flex wp-block-buttons-is-layout-flex\">\n<div class=\"wp-block-button\"><a class=\"wp-block-button__link has-text-color has-background\" href=\"\/en\/...\/serum-gel-clot-activator-tubes\/\" style=\"background-color:#ffffff;color:#122069\"><img loading=\"lazy\" decoding=\"async\" width=\"300\" height=\"180\" class=\"wp-image-1690\" style=\"width: 300px;\" src=\"http:\/\/www.blsystems.ee\/wp-content\/uploads\/2020\/11\/Vacusence_Yellow_GEL_Vitrex102836_1000x600px-980x588-1.jpg\" alt=\"\" srcset=\"https:\/\/www.blsystems.ee\/wp-content\/uploads\/2020\/11\/Vacusence_Yellow_GEL_Vitrex102836_1000x600px-980x588-1.jpg 980w, https:\/\/www.blsystems.ee\/wp-content\/uploads\/2020\/11\/Vacusence_Yellow_GEL_Vitrex102836_1000x600px-980x588-1-300x180.jpg 300w, https:\/\/www.blsystems.ee\/wp-content\/uploads\/2020\/11\/Vacusence_Yellow_GEL_Vitrex102836_1000x600px-980x588-1-768x461.jpg 768w, https:\/\/www.blsystems.ee\/wp-content\/uploads\/2020\/11\/Vacusence_Yellow_GEL_Vitrex102836_1000x600px-980x588-1-16x10.jpg 16w\" sizes=\"auto, (max-width: 300px) 100vw, 300px\" \/><br><\/a><\/div>\n<\/div>\n\n\n\n<p class=\"has-text-align-center has-grey-color has-text-color\"><a href=\"\/en\/...\/serum-gel-clot-activator-tubes\/\">Serum Gel and Clot Activator Tubes<\/a><\/p>\n<\/div>\n\n\n\n<div class=\"wp-block-column is-layout-flow wp-block-column-is-layout-flow\">\n<div class=\"wp-block-buttons is-layout-flex wp-block-buttons-is-layout-flex\">\n<div class=\"wp-block-button\"><a class=\"wp-block-button__link has-text-color has-background\" href=\"\/en\/...\/coagulation-tubes\/\" style=\"background-color:#ffffff;color:#122069\"><img loading=\"lazy\" decoding=\"async\" width=\"300\" height=\"180\" class=\"wp-image-1693\" style=\"width: 300px;\" src=\"http:\/\/www.blsystems.ee\/wp-content\/uploads\/2020\/11\/Vacusence_Blue_Vitrex102838_1000x600px.jpg\" alt=\"\" srcset=\"https:\/\/www.blsystems.ee\/wp-content\/uploads\/2020\/11\/Vacusence_Blue_Vitrex102838_1000x600px.jpg 1000w, https:\/\/www.blsystems.ee\/wp-content\/uploads\/2020\/11\/Vacusence_Blue_Vitrex102838_1000x600px-300x180.jpg 300w, https:\/\/www.blsystems.ee\/wp-content\/uploads\/2020\/11\/Vacusence_Blue_Vitrex102838_1000x600px-768x461.jpg 768w, https:\/\/www.blsystems.ee\/wp-content\/uploads\/2020\/11\/Vacusence_Blue_Vitrex102838_1000x600px-16x10.jpg 16w\" sizes=\"auto, (max-width: 300px) 100vw, 300px\" \/><br><\/a><\/div>\n<\/div>\n\n\n\n<p class=\"has-text-align-center has-grey-color has-text-color\"><a href=\"\/en\/...\/coagulation-tubes\/\">Coagulation Tubes<\/a><\/p>\n<\/div>\n<\/div>\n\n\n\n<div class=\"wp-block-columns is-layout-flex wp-container-core-columns-is-layout-9d6595d7 wp-block-columns-is-layout-flex\">\n<div class=\"wp-block-column is-layout-flow wp-block-column-is-layout-flow\">\n<div class=\"wp-block-buttons is-layout-flex wp-block-buttons-is-layout-flex\">\n<div class=\"wp-block-button\"><a class=\"wp-block-button__link has-text-color has-background\" href=\"\/en\/...\/K2EDTA-Tubes-&amp;-K3EDTA-tubes\/\" style=\"background-color:#ffffff;color:#122069\"><img loading=\"lazy\" decoding=\"async\" width=\"300\" height=\"180\" class=\"wp-image-1696\" style=\"width: 300px;\" src=\"http:\/\/www.blsystems.ee\/wp-content\/uploads\/2020\/11\/Vacusence_Purble_Vitrex102832_1000x600px.jpg\" alt=\"\" srcset=\"https:\/\/www.blsystems.ee\/wp-content\/uploads\/2020\/11\/Vacusence_Purble_Vitrex102832_1000x600px.jpg 1000w, https:\/\/www.blsystems.ee\/wp-content\/uploads\/2020\/11\/Vacusence_Purble_Vitrex102832_1000x600px-300x180.jpg 300w, https:\/\/www.blsystems.ee\/wp-content\/uploads\/2020\/11\/Vacusence_Purble_Vitrex102832_1000x600px-768x461.jpg 768w, https:\/\/www.blsystems.ee\/wp-content\/uploads\/2020\/11\/Vacusence_Purble_Vitrex102832_1000x600px-16x10.jpg 16w\" sizes=\"auto, (max-width: 300px) 100vw, 300px\" \/><br><\/a><\/div>\n<\/div>\n\n\n\n<p class=\"has-text-align-center has-grey-color has-text-color\"><a href=\"http:\/\/K2EDTA-Tubes-&amp;-K3EDTA-tubes\">EDTA Tubes<\/a><\/p>\n<\/div>\n\n\n\n<div class=\"wp-block-column is-layout-flow wp-block-column-is-layout-flow\">\n<div class=\"wp-block-buttons is-layout-flex wp-block-buttons-is-layout-flex\">\n<div class=\"wp-block-button\"><a class=\"wp-block-button__link has-blue-color has-text-color has-background\" href=\"\/en\/...\/Heparin-Tubes\/\" style=\"background-color:#ffffff\"><img loading=\"lazy\" decoding=\"async\" width=\"300\" height=\"180\" class=\"wp-image-1700\" style=\"width: 300px;\" src=\"http:\/\/www.blsystems.ee\/wp-content\/uploads\/2020\/11\/Vacusence_Green_Vitrex102825_1000x600px.jpg\" alt=\"\" srcset=\"https:\/\/www.blsystems.ee\/wp-content\/uploads\/2020\/11\/Vacusence_Green_Vitrex102825_1000x600px.jpg 1000w, https:\/\/www.blsystems.ee\/wp-content\/uploads\/2020\/11\/Vacusence_Green_Vitrex102825_1000x600px-300x180.jpg 300w, https:\/\/www.blsystems.ee\/wp-content\/uploads\/2020\/11\/Vacusence_Green_Vitrex102825_1000x600px-768x461.jpg 768w, https:\/\/www.blsystems.ee\/wp-content\/uploads\/2020\/11\/Vacusence_Green_Vitrex102825_1000x600px-16x10.jpg 16w\" sizes=\"auto, (max-width: 300px) 100vw, 300px\" \/><br><\/a><\/div>\n<\/div>\n\n\n\n<p class=\"has-text-align-center has-grey-color has-text-color\"><a href=\"\/en\/...\/Heparin-Tubes\/\">Heparin Tubes<\/a><\/p>\n<\/div>\n\n\n\n<div class=\"wp-block-column is-layout-flow wp-block-column-is-layout-flow\">\n<div class=\"wp-block-buttons is-layout-flex wp-block-buttons-is-layout-flex\">\n<div class=\"wp-block-button\"><a class=\"wp-block-button__link has-background\" href=\"\/en\/...\/no-additive-tubes\/\" style=\"background-color:#ffffff\"><img loading=\"lazy\" decoding=\"async\" width=\"300\" height=\"180\" class=\"wp-image-1705\" style=\"width: 300px;\" src=\"http:\/\/www.blsystems.ee\/wp-content\/uploads\/2020\/11\/Vacusence_White_Vitrex102823_1000x600px.jpg\" alt=\"\" srcset=\"https:\/\/www.blsystems.ee\/wp-content\/uploads\/2020\/11\/Vacusence_White_Vitrex102823_1000x600px.jpg 1000w, https:\/\/www.blsystems.ee\/wp-content\/uploads\/2020\/11\/Vacusence_White_Vitrex102823_1000x600px-300x180.jpg 300w, https:\/\/www.blsystems.ee\/wp-content\/uploads\/2020\/11\/Vacusence_White_Vitrex102823_1000x600px-768x461.jpg 768w, https:\/\/www.blsystems.ee\/wp-content\/uploads\/2020\/11\/Vacusence_White_Vitrex102823_1000x600px-16x10.jpg 16w\" sizes=\"auto, (max-width: 300px) 100vw, 300px\" \/><br><\/a><\/div>\n<\/div>\n\n\n\n<p class=\"has-text-align-center has-grey-color has-text-color\"><a href=\"\/en\/...\/no-additive-tubes\/\">No Additive Tubes<\/a><\/p>\n<\/div>\n<\/div>\n\n\n\n<div class=\"wp-block-columns is-layout-flex wp-container-core-columns-is-layout-9d6595d7 wp-block-columns-is-layout-flex\">\n<div class=\"wp-block-column is-layout-flow wp-block-column-is-layout-flow\">\n<div class=\"wp-block-buttons is-layout-flex wp-block-buttons-is-layout-flex\"><\/div>\n<\/div>\n\n\n\n\n<\/div>\n\n\n\n<div class=\"wp-block-columns is-layout-flex wp-container-core-columns-is-layout-9d6595d7 wp-block-columns-is-layout-flex\">\n<div class=\"wp-block-column is-layout-flow wp-block-column-is-layout-flow\">\n<div class=\"wp-block-buttons is-layout-flex wp-block-buttons-is-layout-flex\">\n<div class=\"wp-block-button\"><a class=\"wp-block-button__link has-background\" href=\"\/en\/...\/glucose-tubes\/\" style=\"background-color:#ffffff\"><img loading=\"lazy\" decoding=\"async\" width=\"300\" height=\"180\" class=\"wp-image-1705\" style=\"width: 300px;\" src=\"http:\/\/www.blsystems.ee\/wp-content\/uploads\/2020\/11\/Vacusence_White_Vitrex102823_1000x600px.jpg\" alt=\"\" srcset=\"https:\/\/www.blsystems.ee\/wp-content\/uploads\/2020\/11\/Vacusence_White_Vitrex102823_1000x600px.jpg 1000w, https:\/\/www.blsystems.ee\/wp-content\/uploads\/2020\/11\/Vacusence_White_Vitrex102823_1000x600px-300x180.jpg 300w, https:\/\/www.blsystems.ee\/wp-content\/uploads\/2020\/11\/Vacusence_White_Vitrex102823_1000x600px-768x461.jpg 768w, https:\/\/www.blsystems.ee\/wp-content\/uploads\/2020\/11\/Vacusence_White_Vitrex102823_1000x600px-16x10.jpg 16w\" sizes=\"auto, (max-width: 300px) 100vw, 300px\" \/><\/a><\/div>\n<\/div>\n\n\n\n<p class=\"has-text-align-center has-grey-color has-text-color\"><a href=\"\/en\/...\/glucose-tubes\/\">Glucose Tubes<\/a><\/p>\n<\/div>\n\n\n\n<div class=\"wp-block-column is-layout-flow wp-block-column-is-layout-flow\"><\/div>\n\n\n\n<div class=\"wp-block-column is-layout-flow wp-block-column-is-layout-flow\"><\/div>\n<\/div>","protected":false},"excerpt":{"rendered":"<p>Katsutid Seerumi h\u00fc\u00fcbimise katsutid Seerumi katsutid geeli ja h\u00fc\u00fcbimisaktivaatoriga H\u00fc\u00fcbimise katsutid EDTA katsutid Hepariiniga katsutid Lisandita katsutid Gl\u00fckoosi katustid<\/p>","protected":false},"author":1,"featured_media":0,"parent":0,"menu_order":0,"comment_status":"closed","ping_status":"closed","template":"","meta":{"footnotes":""},"class_list":["post-566","page","type-page","status-publish","hentry"],"_links":{"self":[{"href":"https:\/\/www.blsystems.ee\/en\/wp-json\/wp\/v2\/pages\/566","targetHints":{"allow":["GET"]}}],"collection":[{"href":"https:\/\/www.blsystems.ee\/en\/wp-json\/wp\/v2\/pages"}],"about":[{"href":"https:\/\/www.blsystems.ee\/en\/wp-json\/wp\/v2\/types\/page"}],"author":[{"embeddable":true,"href":"https:\/\/www.blsystems.ee\/en\/wp-json\/wp\/v2\/users\/1"}],"replies":[{"embeddable":true,"href":"https:\/\/www.blsystems.ee\/en\/wp-json\/wp\/v2\/comments?post=566"}],"version-history":[{"count":18,"href":"https:\/\/www.blsystems.ee\/en\/wp-json\/wp\/v2\/pages\/566\/revisions"}],"predecessor-version":[{"id":1725,"href":"https:\/\/www.blsystems.ee\/en\/wp-json\/wp\/v2\/pages\/566\/revisions\/1725"}],"wp:attachment":[{"href":"https:\/\/www.blsystems.ee\/en\/wp-json\/wp\/v2\/media?parent=566"}],"curies":[{"name":"wp","href":"https:\/\/api.w.org\/{rel}","templated":true}]}}