{"id":358,"date":"2020-03-12T09:07:44","date_gmt":"2020-03-12T09:07:44","guid":{"rendered":"http:\/\/www.autocamper.ee\/BLS_test\/?page_id=358"},"modified":"2021-02-15T11:07:57","modified_gmt":"2021-02-15T09:07:57","slug":"genano-ltd","status":"publish","type":"page","link":"https:\/\/www.blsystems.ee\/en\/koostoopartnerid\/genano-ltd\/","title":{"rendered":"Genano Ltd"},"content":{"rendered":"<blockquote class=\"wp-block-quote is-layout-flow wp-block-quote-is-layout-flow\"><p><a href=\"http:\/\/www.blsystems.ee\/en\/koostoopartnerid\/\">Partners<\/a> | Genano Ltd<\/p><\/blockquote>\n\n\n\n<h4 class=\"wp-block-heading\"><a aria-label=\"\ufffc (opens in a new tab)\" href=\"https:\/\/www.genano.com\/\" target=\"_blank\" rel=\"noreferrer noopener\"><img loading=\"lazy\" decoding=\"async\" width=\"300\" height=\"162\" class=\"wp-image-362\" style=\"width: 300px;\" alt=\"\" src=\"http:\/\/www.blsystems.ee\/wp-content\/uploads\/2020\/03\/genano_logo.jpg\" srcset=\"https:\/\/www.blsystems.ee\/wp-content\/uploads\/2020\/03\/genano_logo.jpg 370w, https:\/\/www.blsystems.ee\/wp-content\/uploads\/2020\/03\/genano_logo-300x162.jpg 300w\" sizes=\"auto, (max-width: 300px) 100vw, 300px\" \/><\/a><\/h4>\n\n\n\n<p>With patented Genano\u00ae technology, we manufacture air decontamination devices, that can filter as small as 3 nanometer sized particles from indoor air. As indoor air impurities are captured into the unit, all particles and living microbes, such as viruses and bacteria, are eliminated, resulting in increased health and well-being of staff, patients and customers. With the active carbon filter, the Genano air decontamination units also remove harmful gaseous compounds and smells. The units maintain constant high purification performance as there are no easily clogged, replaceable fiber filters and the units have an automatic self washing system.<br>.<\/p>\n\n\n\n<p><\/p>","protected":false},"excerpt":{"rendered":"<p>Koost\u00f6\u00f6partnerid | Genano Ltd Genano on Soome juhtiv siseruumide \u00f5hu puhastusseadmete tootja. Genano patenteeritud k\u00fclmplasma tehnoloogial p\u00f5hinev seade p\u00fc\u00fcab kinni k\u00f5ik osakesed kuni nanoosakeste suurusj\u00e4rguni ning k\u00f5rvaldab k\u00f5ik mikroobid, nagu bakterid, viirused ja hallitusseente eosed. Lisaks sellele eemaldab seade \u00f5hust [&hellip;]<\/p>\n","protected":false},"author":1,"featured_media":359,"parent":18,"menu_order":0,"comment_status":"closed","ping_status":"closed","template":"","meta":{"footnotes":""},"class_list":["post-358","page","type-page","status-publish","has-post-thumbnail","hentry"],"_links":{"self":[{"href":"https:\/\/www.blsystems.ee\/en\/wp-json\/wp\/v2\/pages\/358","targetHints":{"allow":["GET"]}}],"collection":[{"href":"https:\/\/www.blsystems.ee\/en\/wp-json\/wp\/v2\/pages"}],"about":[{"href":"https:\/\/www.blsystems.ee\/en\/wp-json\/wp\/v2\/types\/page"}],"author":[{"embeddable":true,"href":"https:\/\/www.blsystems.ee\/en\/wp-json\/wp\/v2\/users\/1"}],"replies":[{"embeddable":true,"href":"https:\/\/www.blsystems.ee\/en\/wp-json\/wp\/v2\/comments?post=358"}],"version-history":[{"count":6,"href":"https:\/\/www.blsystems.ee\/en\/wp-json\/wp\/v2\/pages\/358\/revisions"}],"predecessor-version":[{"id":2107,"href":"https:\/\/www.blsystems.ee\/en\/wp-json\/wp\/v2\/pages\/358\/revisions\/2107"}],"up":[{"embeddable":true,"href":"https:\/\/www.blsystems.ee\/en\/wp-json\/wp\/v2\/pages\/18"}],"wp:featuredmedia":[{"embeddable":true,"href":"https:\/\/www.blsystems.ee\/en\/wp-json\/wp\/v2\/media\/359"}],"wp:attachment":[{"href":"https:\/\/www.blsystems.ee\/en\/wp-json\/wp\/v2\/media?parent=358"}],"curies":[{"name":"wp","href":"https:\/\/api.w.org\/{rel}","templated":true}]}}