{"id":347,"date":"2020-03-12T08:49:51","date_gmt":"2020-03-12T08:49:51","guid":{"rendered":"http:\/\/www.autocamper.ee\/BLS_test\/?page_id=347"},"modified":"2021-10-26T10:39:16","modified_gmt":"2021-10-26T07:39:16","slug":"toda-pharma-group","status":"publish","type":"page","link":"https:\/\/www.blsystems.ee\/en\/koostoopartnerid\/toda-pharma-group\/","title":{"rendered":"Toda Pharma Group"},"content":{"rendered":"<blockquote class=\"wp-block-quote is-layout-flow wp-block-quote-is-layout-flow\"><p><a href=\"http:\/\/www.blsystems.ee\/en\/koostoopartnerid\/\">Partners<\/a>&nbsp;| Toda Pharma Group<\/p><\/blockquote>\n\n\n\n<h4 class=\"wp-block-heading\"> <a href=\"https:\/\/www.todapharma.com\/\" data-type=\"URL\" data-id=\"https:\/\/www.todapharma.com\/\" target=\"_blank\" rel=\"noreferrer noopener\"><img loading=\"lazy\" decoding=\"async\" width=\"150\" height=\"122\" class=\"wp-image-2463\" style=\"width: 150px;\" src=\"http:\/\/www.blsystems.ee\/wp-content\/uploads\/2021\/10\/logofabricant_francais.png\" alt=\"\" srcset=\"https:\/\/www.blsystems.ee\/wp-content\/uploads\/2021\/10\/logofabricant_francais.png 596w, https:\/\/www.blsystems.ee\/wp-content\/uploads\/2021\/10\/logofabricant_francais-300x243.png 300w, https:\/\/www.blsystems.ee\/wp-content\/uploads\/2021\/10\/logofabricant_francais-15x12.png 15w\" sizes=\"auto, (max-width: 150px) 100vw, 150px\" \/><\/a><\/h4>\n\n\n\n<p>Specializing in the In Vitro Diagnostics industry, Toda Pharma offers professionals a wide range of products. At the forefront of medical technology, a number of special products have been developed to better monitor the patient. <\/p>\n\n\n\n<p class=\"has-regular-font-size\"> Product range:<br>                   - Obstetric diagnosis<br>                   - Diagnosis of tropical diseases<br>                   - Diagnosis of infectious diseases<br>                   - Urine strip tests<br>                   - Drug and alcohol tests<\/p>\n\n\n\n<p><\/p>","protected":false},"excerpt":{"rendered":"<p>Koost\u00f6\u00f6partnerid&nbsp;| Toda Pharma Group Spetsialiseerudes In Vitro diagnostika t\u00f6\u00f6stusele, pakub Toda Pharma professionaalidele laia tootevalikut. Meditsiinitehnoloogia esirinnas on patsiendi paremaks j\u00e4lgimiseks on loodud mitmeid spetsiaalseid tooteid. Tootevalik h\u00f5lmab: &#8211; S\u00fcnnitusabi diagnoosimist &#8211; Troopiliste haiguste diagnoosimist &#8211; Nakkushaiguste diagnoosimist &#8211; Uriini [&hellip;]<\/p>\n","protected":false},"author":1,"featured_media":1452,"parent":18,"menu_order":0,"comment_status":"closed","ping_status":"closed","template":"","meta":{"footnotes":""},"class_list":["post-347","page","type-page","status-publish","has-post-thumbnail","hentry"],"_links":{"self":[{"href":"https:\/\/www.blsystems.ee\/en\/wp-json\/wp\/v2\/pages\/347","targetHints":{"allow":["GET"]}}],"collection":[{"href":"https:\/\/www.blsystems.ee\/en\/wp-json\/wp\/v2\/pages"}],"about":[{"href":"https:\/\/www.blsystems.ee\/en\/wp-json\/wp\/v2\/types\/page"}],"author":[{"embeddable":true,"href":"https:\/\/www.blsystems.ee\/en\/wp-json\/wp\/v2\/users\/1"}],"replies":[{"embeddable":true,"href":"https:\/\/www.blsystems.ee\/en\/wp-json\/wp\/v2\/comments?post=347"}],"version-history":[{"count":3,"href":"https:\/\/www.blsystems.ee\/en\/wp-json\/wp\/v2\/pages\/347\/revisions"}],"predecessor-version":[{"id":2466,"href":"https:\/\/www.blsystems.ee\/en\/wp-json\/wp\/v2\/pages\/347\/revisions\/2466"}],"up":[{"embeddable":true,"href":"https:\/\/www.blsystems.ee\/en\/wp-json\/wp\/v2\/pages\/18"}],"wp:featuredmedia":[{"embeddable":true,"href":"https:\/\/www.blsystems.ee\/en\/wp-json\/wp\/v2\/media\/1452"}],"wp:attachment":[{"href":"https:\/\/www.blsystems.ee\/en\/wp-json\/wp\/v2\/media?parent=347"}],"curies":[{"name":"wp","href":"https:\/\/api.w.org\/{rel}","templated":true}]}}