{"id":32,"date":"2020-03-10T11:56:32","date_gmt":"2020-03-10T11:56:32","guid":{"rendered":"http:\/\/www.autocamper.ee\/BLS_test\/?page_id=32"},"modified":"2025-10-07T13:13:40","modified_gmt":"2025-10-07T10:13:40","slug":"ettevottest","status":"publish","type":"page","link":"https:\/\/www.blsystems.ee\/en\/ettevottest\/","title":{"rendered":"Company"},"content":{"rendered":"<p class=\"has-regular-font-size\">Baltic Laboratory Systems O\u00dc on 1993. aastal loodud firma, mis tegeleb meditsiini- ja muu aparatuuri m\u00fc\u00fcgi, paigalduse ning hooldusega. <br><br>In the early years of Baltic Laboratory Systems O\u00dc, the company's activities were focused on the medical field. Over the years, various laboratory devices, air purifiers, rapid tests and professional breathalyzers (both portable and evidence breathalyzers) and drug testers have been added to the product range.<br><br>Baltic Laboratory Systems O\u00dc supplies the products of the following companies:<br><\/p>\n\n\n\n<ul class=\"wp-block-list\">\n<li>Genano Ltd<\/li>\n\n\n\n<li>Lion Laboratories Ltd<\/li>\n\n\n\n<li>Nova Biomedical<\/li>\n\n\n\n<li>Origalsys Electrochem SAS<\/li>\n\n\n\n<li>Toda Pharma Group<\/li>\n\n\n\n<li>Securetec Detektions-Systeme AG<\/li>\n\n\n\n<li>A Hach Company Brand \u2013 Radiometer Analytical<\/li>\n\n\n\n<li>Vitrex Medical A\/S<\/li>\n<\/ul>\n\n\n\n<p class=\"has-regular-font-size\"><\/p>\n\n\n\n<p class=\"has-regular-font-size\"><\/p>\n\n\n\n<p class=\"has-regular-font-size\">         Baltic Laboratory Systems Ltd was a supportive member of Estonian Laboratory Medicine Union in 1999-2023.<\/p>","protected":false},"excerpt":{"rendered":"<p>Baltic Laboratory Systems O\u00dc on 1993. aastal loodud firma, mis tegeleb meditsiini- ja muu aparatuuri m\u00fc\u00fcgi, paigalduse ning hooldusega. Baltic Laboratory Systems O\u00dc algusaastatel oli ettev\u00f5tte tegevus fokusseeritud meditsiinivaldkonda. Aastatega on lisandunud tootevalikusse erinevaid laboriseadmeid, \u00f5hupuhastajaid, kiirteste ja isaks nendele [&hellip;]<\/p>\n","protected":false},"author":1,"featured_media":663,"parent":0,"menu_order":0,"comment_status":"closed","ping_status":"closed","template":"","meta":{"footnotes":""},"class_list":["post-32","page","type-page","status-publish","has-post-thumbnail","hentry"],"_links":{"self":[{"href":"https:\/\/www.blsystems.ee\/en\/wp-json\/wp\/v2\/pages\/32","targetHints":{"allow":["GET"]}}],"collection":[{"href":"https:\/\/www.blsystems.ee\/en\/wp-json\/wp\/v2\/pages"}],"about":[{"href":"https:\/\/www.blsystems.ee\/en\/wp-json\/wp\/v2\/types\/page"}],"author":[{"embeddable":true,"href":"https:\/\/www.blsystems.ee\/en\/wp-json\/wp\/v2\/users\/1"}],"replies":[{"embeddable":true,"href":"https:\/\/www.blsystems.ee\/en\/wp-json\/wp\/v2\/comments?post=32"}],"version-history":[{"count":6,"href":"https:\/\/www.blsystems.ee\/en\/wp-json\/wp\/v2\/pages\/32\/revisions"}],"predecessor-version":[{"id":2672,"href":"https:\/\/www.blsystems.ee\/en\/wp-json\/wp\/v2\/pages\/32\/revisions\/2672"}],"wp:featuredmedia":[{"embeddable":true,"href":"https:\/\/www.blsystems.ee\/en\/wp-json\/wp\/v2\/media\/663"}],"wp:attachment":[{"href":"https:\/\/www.blsystems.ee\/en\/wp-json\/wp\/v2\/media?parent=32"}],"curies":[{"name":"wp","href":"https:\/\/api.w.org\/{rel}","templated":true}]}}