{"id":286,"date":"2020-03-11T13:10:21","date_gmt":"2020-03-11T13:10:21","guid":{"rendered":"http:\/\/www.autocamper.ee\/BLS_test\/?page_id=286"},"modified":"2020-11-24T16:15:14","modified_gmt":"2020-11-24T14:15:14","slug":"lion-sd400","status":"publish","type":"page","link":"https:\/\/www.blsystems.ee\/en\/alkomeetrid\/lion-sd400\/","title":{"rendered":"LION SD400"},"content":{"rendered":"<blockquote class=\"wp-block-quote is-layout-flow wp-block-quote-is-layout-flow\"><p><a href=\"http:\/\/www.blsystems.ee\/en\/alkomeetrid\/\">Alcometers<\/a> | Lion SD400<\/p><\/blockquote>\n\n\n\n<p class=\"has-regular-font-size\">A fast yet accurate, fully quantitative breath analysis instrument which can be used anywhere. The lion alcolmeter\u00ae SD-400 uses the Lion fuel cell sensor, so the reading is unlikely to be affected by anything that occurs naturally on the subject\u2019s breath.<br>         <br>         The result of the last test can be recalled to the display, if required.<br>         <br>         Each breath alcohol reading is also stored securely in memory with date and time.<\/p>\n\n\n\n<div class=\"wp-block-file\"><a href=\"http:\/\/www.blsystems.ee\/wp-content\/uploads\/2020\/04\/brochure-400.pdf\" class=\"wp-block-file__button\" download>Brochure<\/a><\/div>","protected":false},"excerpt":{"rendered":"<p>Alkomeetrid | Lion SD400 Kiire ja t\u00e4pne seade v\u00e4ljahingatava \u00f5hu alkoholisisalduse kvantitatiivseks m\u00f5\u00f5tmiseks. Seadmes kasutatakse firma Lion elektrokeemilist andurit, mist\u00f5ttu on \u00e4\u00e4rmiselt ebat\u00f5en\u00e4oline, et kontrollitava \u00f5huproovi tulemus oleks m\u00f5ne muu aine poolt m\u00f5jutatud. SD-400 on mikroprotsessori poolt juhitav t\u00e4isautomaatne seade [&hellip;]<\/p>\n","protected":false},"author":1,"featured_media":1656,"parent":128,"menu_order":0,"comment_status":"closed","ping_status":"closed","template":"","meta":{"footnotes":""},"class_list":["post-286","page","type-page","status-publish","has-post-thumbnail","hentry"],"_links":{"self":[{"href":"https:\/\/www.blsystems.ee\/en\/wp-json\/wp\/v2\/pages\/286","targetHints":{"allow":["GET"]}}],"collection":[{"href":"https:\/\/www.blsystems.ee\/en\/wp-json\/wp\/v2\/pages"}],"about":[{"href":"https:\/\/www.blsystems.ee\/en\/wp-json\/wp\/v2\/types\/page"}],"author":[{"embeddable":true,"href":"https:\/\/www.blsystems.ee\/en\/wp-json\/wp\/v2\/users\/1"}],"replies":[{"embeddable":true,"href":"https:\/\/www.blsystems.ee\/en\/wp-json\/wp\/v2\/comments?post=286"}],"version-history":[{"count":3,"href":"https:\/\/www.blsystems.ee\/en\/wp-json\/wp\/v2\/pages\/286\/revisions"}],"predecessor-version":[{"id":1966,"href":"https:\/\/www.blsystems.ee\/en\/wp-json\/wp\/v2\/pages\/286\/revisions\/1966"}],"up":[{"embeddable":true,"href":"https:\/\/www.blsystems.ee\/en\/wp-json\/wp\/v2\/pages\/128"}],"wp:featuredmedia":[{"embeddable":true,"href":"https:\/\/www.blsystems.ee\/en\/wp-json\/wp\/v2\/media\/1656"}],"wp:attachment":[{"href":"https:\/\/www.blsystems.ee\/en\/wp-json\/wp\/v2\/media?parent=286"}],"curies":[{"name":"wp","href":"https:\/\/api.w.org\/{rel}","templated":true}]}}