{"id":284,"date":"2020-03-11T13:08:06","date_gmt":"2020-03-11T13:08:06","guid":{"rendered":"http:\/\/www.autocamper.ee\/BLS_test\/?page_id=284"},"modified":"2020-11-24T16:14:11","modified_gmt":"2020-11-24T14:14:11","slug":"lion-600","status":"publish","type":"page","link":"https:\/\/www.blsystems.ee\/en\/alkomeetrid\/lion-600\/","title":{"rendered":"LION 600"},"content":{"rendered":"<blockquote class=\"wp-block-quote is-layout-flow wp-block-quote-is-layout-flow\"><p><a href=\"http:\/\/www.blsystems.ee\/en\/alkomeetrid\/\">Alcometers<\/a> | Lion 600<\/p><\/blockquote>\n\n\n\n<p class=\"has-regular-font-size\">A multi-function breath alcohol analysis instrument, with touch screen and advanced data-logging.<br>         <br>         The lion alcolmeter\u00ae 600 is a powerful tool for use in road traffic law enforcement, commercial health and safety programs, and in various areas of medicine<br>         <br>         The lion alcolmeter\u00ae 600 is perfect for use in Police roadblock operations, or wherever else it is required to test a large number of people for the presence or absence of alcohol. In Passive Mode there is no mouthpiece. Just hold the lion alcolmeter\u00ae 600 in front of the subject\u2019s mouth as they speak, then press Sample.<br>         <br>         In Passive Mode there is no mouthpiece. Just hold the lion alcolmeter\u00ae 600 in front of the subject\u2019s mouth as they speak, then press Sample.<br>         <\/p>\n\n\n\n<p class=\"has-regular-font-size\">In Active Mode the subject blows through a mouthpiece. This is then analysed, to give an accurate reading of the subject\u2019s alcohol level. For ease of mouthpiece attachment at night, the sampling port is illuminated.<br>         <br>         In Dual Mode the test starts off in Passive or Precursory operation; but if alcohol is found to be present the system automatically switches to Active Mode. <\/p>\n\n\n\n<div class=\"wp-block-file\"><a href=\"http:\/\/www.blsystems.ee\/wp-content\/uploads\/2020\/04\/brochure-600.pdf\" class=\"wp-block-file__button\" download>Brochure<\/a><\/div>","protected":false},"excerpt":{"rendered":"<p>Alkomeetrid | Lion 600 Mitmesuguste andmete sisestamise v\u00f5imalusega multifunktsionaalne alkomeeter. T\u00e4iesti uut t\u00fc\u00fcpi lion alcolmeter\u00ae 600 on v\u00f5imas t\u00f6\u00f6vahend liiklusj\u00e4relvalves, tervisekaitse ja ohutuse programmides ning paljudes meditsiinivaldkondades. Lion alcolmeter\u00ae 600 on ideaalne lahendus politsei poolt korraldatavate reidide &#8220;K\u00f5ik puhuvad&#8221; l\u00e4biviimisel [&hellip;]<\/p>\n","protected":false},"author":1,"featured_media":1653,"parent":128,"menu_order":0,"comment_status":"closed","ping_status":"closed","template":"","meta":{"footnotes":""},"class_list":["post-284","page","type-page","status-publish","has-post-thumbnail","hentry"],"_links":{"self":[{"href":"https:\/\/www.blsystems.ee\/en\/wp-json\/wp\/v2\/pages\/284","targetHints":{"allow":["GET"]}}],"collection":[{"href":"https:\/\/www.blsystems.ee\/en\/wp-json\/wp\/v2\/pages"}],"about":[{"href":"https:\/\/www.blsystems.ee\/en\/wp-json\/wp\/v2\/types\/page"}],"author":[{"embeddable":true,"href":"https:\/\/www.blsystems.ee\/en\/wp-json\/wp\/v2\/users\/1"}],"replies":[{"embeddable":true,"href":"https:\/\/www.blsystems.ee\/en\/wp-json\/wp\/v2\/comments?post=284"}],"version-history":[{"count":4,"href":"https:\/\/www.blsystems.ee\/en\/wp-json\/wp\/v2\/pages\/284\/revisions"}],"predecessor-version":[{"id":1963,"href":"https:\/\/www.blsystems.ee\/en\/wp-json\/wp\/v2\/pages\/284\/revisions\/1963"}],"up":[{"embeddable":true,"href":"https:\/\/www.blsystems.ee\/en\/wp-json\/wp\/v2\/pages\/128"}],"wp:featuredmedia":[{"embeddable":true,"href":"https:\/\/www.blsystems.ee\/en\/wp-json\/wp\/v2\/media\/1653"}],"wp:attachment":[{"href":"https:\/\/www.blsystems.ee\/en\/wp-json\/wp\/v2\/media?parent=284"}],"curies":[{"name":"wp","href":"https:\/\/api.w.org\/{rel}","templated":true}]}}