{"id":276,"date":"2020-03-11T13:05:32","date_gmt":"2020-03-11T13:05:32","guid":{"rendered":"http:\/\/www.autocamper.ee\/BLS_test\/?page_id=276"},"modified":"2020-11-24T16:13:46","modified_gmt":"2020-11-24T14:13:46","slug":"lion-500","status":"publish","type":"page","link":"https:\/\/www.blsystems.ee\/en\/alkomeetrid\/lion-500\/","title":{"rendered":"LION 500"},"content":{"rendered":"<blockquote class=\"wp-block-quote is-layout-flow wp-block-quote-is-layout-flow\"><p><a href=\"http:\/\/www.blsystems.ee\/en\/alkomeetrid\/\">Alcometers<\/a> | Lion 500<\/p><\/blockquote>\n\n\n\n<p>The lion alcolmeter\u00ae 500 uses the Lion fuel cell sensor, so the reading is very unlikely to be affected by anything that occurs naturally on the subject\u2019s breath.<br>         <br>The lion alcolmeter\u00ae 500 is used extensively by Police Forces around the world, mainly for screening but also for evidential testing process.  A variant of the lion alcolmeter\u00ae 500 is Type Approved by the Home Office, Great Britain, for UK Police use.<br>         <br>The operator switches the instrument on and, when instructed, attaches a new mouthpiece to the sampling port. He or she then instructs the subject to blow through it until the sample is taken. A short time later their alcohol level is shown on the clear, easy-to-read display: this is illuminated, for use at night. <\/p>\n\n\n\n<div class=\"wp-block-file\"><a href=\"http:\/\/www.blsystems.ee\/wp-content\/uploads\/2020\/04\/brochure-500.pdf\" class=\"wp-block-file__button\" download>Brochure<\/a><\/div>","protected":false},"excerpt":{"rendered":"<p>Alkomeetrid | Lion 500 Kiire ja t\u00e4pne seade v\u00e4ljahingatava \u00f5hu alkoholisisalduse kvantitatiivseks m\u00f5\u00f5tmiseks. Seadmes kasutatakse firma Lion elektrokeemilist andurit, mist\u00f5ttu on \u00e4\u00e4rmiselt ebat\u00f5en\u00e4oline, et kontrollitava \u00f5huproovi tulemus oleks m\u00f5ne muu aine poolt m\u00f5jutatud. S-500 on mikroprotsessori poolt juhitav t\u00e4isautomaatne seade [&hellip;]<\/p>\n","protected":false},"author":1,"featured_media":1655,"parent":128,"menu_order":0,"comment_status":"closed","ping_status":"closed","template":"","meta":{"footnotes":""},"class_list":["post-276","page","type-page","status-publish","has-post-thumbnail","hentry"],"_links":{"self":[{"href":"https:\/\/www.blsystems.ee\/en\/wp-json\/wp\/v2\/pages\/276","targetHints":{"allow":["GET"]}}],"collection":[{"href":"https:\/\/www.blsystems.ee\/en\/wp-json\/wp\/v2\/pages"}],"about":[{"href":"https:\/\/www.blsystems.ee\/en\/wp-json\/wp\/v2\/types\/page"}],"author":[{"embeddable":true,"href":"https:\/\/www.blsystems.ee\/en\/wp-json\/wp\/v2\/users\/1"}],"replies":[{"embeddable":true,"href":"https:\/\/www.blsystems.ee\/en\/wp-json\/wp\/v2\/comments?post=276"}],"version-history":[{"count":3,"href":"https:\/\/www.blsystems.ee\/en\/wp-json\/wp\/v2\/pages\/276\/revisions"}],"predecessor-version":[{"id":1962,"href":"https:\/\/www.blsystems.ee\/en\/wp-json\/wp\/v2\/pages\/276\/revisions\/1962"}],"up":[{"embeddable":true,"href":"https:\/\/www.blsystems.ee\/en\/wp-json\/wp\/v2\/pages\/128"}],"wp:featuredmedia":[{"embeddable":true,"href":"https:\/\/www.blsystems.ee\/en\/wp-json\/wp\/v2\/media\/1655"}],"wp:attachment":[{"href":"https:\/\/www.blsystems.ee\/en\/wp-json\/wp\/v2\/media?parent=276"}],"curies":[{"name":"wp","href":"https:\/\/api.w.org\/{rel}","templated":true}]}}