{"id":271,"date":"2020-03-11T13:03:05","date_gmt":"2020-03-11T13:03:05","guid":{"rendered":"http:\/\/www.autocamper.ee\/BLS_test\/?page_id=271"},"modified":"2020-11-24T16:13:28","modified_gmt":"2020-11-24T14:13:28","slug":"lion-700","status":"publish","type":"page","link":"https:\/\/www.blsystems.ee\/en\/alkomeetrid\/lion-700\/","title":{"rendered":"LION 700"},"content":{"rendered":"<blockquote class=\"wp-block-quote is-layout-flow wp-block-quote-is-layout-flow\"><p><a href=\"http:\/\/www.blsystems.ee\/en\/alkomeetrid\/\">Alcometers<\/a> | Lion 700<\/p><\/blockquote>\n\n\n\n<p class=\"has-regular-font-size\">The lion alcolmeter\u00ae 700 is a compact and easy to use breath alcohol analysis instrument certified to EN15964. \nThis compact and highly accurate instrument features simple multi use button functionality, internal memory for simple data capture, an automatic sampling system and is available in multiple languages.<br>         <br> Technical specifications:<br>         \u2013 dual-function device:<br>         &nbsp;&nbsp;\u2013 rapid detection with a cup-shaped nozzle;<br>         &nbsp;&nbsp;\u2013 standard measurement with a single mouthpiece.<br>         \u2013 fully automatic sampling system;<br>         \u2013 heated alcohol sensor<br>         \u2013 internal memory for data collection;<br>         \u2013 menu in Estonian;<br>         \u2013  Easy to use;<br>         \u2013 compact.<\/p>\n\n\n\n<div class=\"wp-block-file\"><a href=\"http:\/\/www.blsystems.ee\/wp-content\/uploads\/2020\/04\/brochure-700.pdf\" class=\"wp-block-file__button\" download>Brochure<\/a><\/div>","protected":false},"excerpt":{"rendered":"<p>Alkomeetrid | Lion 700 Lion alcolmeter\u00ae 700 on t\u00e4iesti uus professionaalne seade v\u00e4ljahingatava \u00f5hu alkoholisisalduse m\u00e4\u00e4ramiseks ning on kasutatav nii j\u00e4relevalves, t\u00f6\u00f6ohutuses kui ka muudes programmides. Tehnilised n\u00e4itajad: &#8211; kahefunktsionaalne seade: &nbsp;&nbsp;&#8211; kiirdetekteerimine topsikujulise otsikuga; &nbsp;&nbsp;&#8211; tavam\u00f5\u00f5tmine \u00fchekordse huulikuga. &#8211; [&hellip;]<\/p>\n","protected":false},"author":1,"featured_media":1651,"parent":128,"menu_order":0,"comment_status":"closed","ping_status":"closed","template":"","meta":{"footnotes":""},"class_list":["post-271","page","type-page","status-publish","has-post-thumbnail","hentry"],"_links":{"self":[{"href":"https:\/\/www.blsystems.ee\/en\/wp-json\/wp\/v2\/pages\/271","targetHints":{"allow":["GET"]}}],"collection":[{"href":"https:\/\/www.blsystems.ee\/en\/wp-json\/wp\/v2\/pages"}],"about":[{"href":"https:\/\/www.blsystems.ee\/en\/wp-json\/wp\/v2\/types\/page"}],"author":[{"embeddable":true,"href":"https:\/\/www.blsystems.ee\/en\/wp-json\/wp\/v2\/users\/1"}],"replies":[{"embeddable":true,"href":"https:\/\/www.blsystems.ee\/en\/wp-json\/wp\/v2\/comments?post=271"}],"version-history":[{"count":32,"href":"https:\/\/www.blsystems.ee\/en\/wp-json\/wp\/v2\/pages\/271\/revisions"}],"predecessor-version":[{"id":1961,"href":"https:\/\/www.blsystems.ee\/en\/wp-json\/wp\/v2\/pages\/271\/revisions\/1961"}],"up":[{"embeddable":true,"href":"https:\/\/www.blsystems.ee\/en\/wp-json\/wp\/v2\/pages\/128"}],"wp:featuredmedia":[{"embeddable":true,"href":"https:\/\/www.blsystems.ee\/en\/wp-json\/wp\/v2\/media\/1651"}],"wp:attachment":[{"href":"https:\/\/www.blsystems.ee\/en\/wp-json\/wp\/v2\/media?parent=271"}],"curies":[{"name":"wp","href":"https:\/\/api.w.org\/{rel}","templated":true}]}}