{"id":2560,"date":"2023-12-17T14:06:40","date_gmt":"2023-12-17T12:06:40","guid":{"rendered":"http:\/\/www.blsystems.ee\/?page_id=2560"},"modified":"2025-10-21T11:52:43","modified_gmt":"2025-10-21T08:52:43","slug":"nova-biomedical","status":"publish","type":"page","link":"https:\/\/www.blsystems.ee\/en\/koostoopartnerid\/nova-biomedical\/","title":{"rendered":"Nova Biomedical"},"content":{"rendered":"<blockquote class=\"wp-block-quote is-layout-flow wp-block-quote-is-layout-flow\">\n<p><a href=\"http:\/\/www.blsystems.ee\/en\/koostoopartnerid\/\">Partners<\/a> | Nova Biomedical Corporation<\/p>\n<\/blockquote>\n\n\n\n<figure class=\"wp-block-image size-full\"><img loading=\"lazy\" decoding=\"async\" width=\"288\" height=\"80\" src=\"https:\/\/www.blsystems.ee\/wp-content\/uploads\/2025\/10\/nova-biomedical-logo.png\" alt=\"\" class=\"wp-image-2675\" srcset=\"https:\/\/www.blsystems.ee\/wp-content\/uploads\/2025\/10\/nova-biomedical-logo.png 288w, https:\/\/www.blsystems.ee\/wp-content\/uploads\/2025\/10\/nova-biomedical-logo-18x5.png 18w\" sizes=\"auto, (max-width: 288px) 100vw, 288px\" \/><\/figure>\n\n\n\n<p>Nova Biomedical develops, manufactures, and sells advanced technology blood testing analyzers. We employ over 1,400 people, with sales and service subsidiaries in eight countries and distributors in more than 91 additional countries. Nova has manufacturing facilities in Waltham and Billerica, Massachusetts; and Taipei, Taiwan. Nova is one of the 25 largest in vitro diagnostic companies in the world and the largest privately owned in vitro diagnostic company in the United States.<br>.<\/p>","protected":false},"excerpt":{"rendered":"<p>Koost\u00f6\u00f6partnerid | Nova Biomedical Corporation Nova Biomedical arendab, toodab ja m\u00fc\u00fcb k\u00f5rgtehnoloogilisi vereanal\u00fc\u00fcsi anal\u00fcsaatoreid. Ettev\u00f5ttes t\u00f6\u00f6tab \u00fcle 1400 inimese, Nova m\u00fc\u00fcgi- ja teenindusettev\u00f5tted asuvad kaheksas riigis ning edasim\u00fc\u00fcjad veel rohkem kui 91 riigis. Noval on tootmis\u00fcksused Walthami ja Billerica osariigis [&hellip;]<\/p>\n","protected":false},"author":1,"featured_media":2561,"parent":18,"menu_order":2,"comment_status":"closed","ping_status":"closed","template":"","meta":{"footnotes":""},"class_list":["post-2560","page","type-page","status-publish","has-post-thumbnail","hentry"],"_links":{"self":[{"href":"https:\/\/www.blsystems.ee\/en\/wp-json\/wp\/v2\/pages\/2560","targetHints":{"allow":["GET"]}}],"collection":[{"href":"https:\/\/www.blsystems.ee\/en\/wp-json\/wp\/v2\/pages"}],"about":[{"href":"https:\/\/www.blsystems.ee\/en\/wp-json\/wp\/v2\/types\/page"}],"author":[{"embeddable":true,"href":"https:\/\/www.blsystems.ee\/en\/wp-json\/wp\/v2\/users\/1"}],"replies":[{"embeddable":true,"href":"https:\/\/www.blsystems.ee\/en\/wp-json\/wp\/v2\/comments?post=2560"}],"version-history":[{"count":5,"href":"https:\/\/www.blsystems.ee\/en\/wp-json\/wp\/v2\/pages\/2560\/revisions"}],"predecessor-version":[{"id":2676,"href":"https:\/\/www.blsystems.ee\/en\/wp-json\/wp\/v2\/pages\/2560\/revisions\/2676"}],"up":[{"embeddable":true,"href":"https:\/\/www.blsystems.ee\/en\/wp-json\/wp\/v2\/pages\/18"}],"wp:featuredmedia":[{"embeddable":true,"href":"https:\/\/www.blsystems.ee\/en\/wp-json\/wp\/v2\/media\/2561"}],"wp:attachment":[{"href":"https:\/\/www.blsystems.ee\/en\/wp-json\/wp\/v2\/media?parent=2560"}],"curies":[{"name":"wp","href":"https:\/\/api.w.org\/{rel}","templated":true}]}}