{"id":2328,"date":"2022-11-10T11:31:32","date_gmt":"2022-11-10T09:31:32","guid":{"rendered":"http:\/\/www.blsystems.ee\/?page_id=2328"},"modified":"2022-11-10T11:31:32","modified_gmt":"2022-11-10T09:31:32","slug":"toda-autotest-nasal-covid-19-antigeenide-kiirtest-tavakasutajatele","status":"publish","type":"page","link":"https:\/\/www.blsystems.ee\/en\/sars-cov-2-kiirtestid\/toda-autotest-nasal-covid-19-antigeenide-kiirtest-tavakasutajatele\/","title":{"rendered":"Toda Autotest Nasal Covid-19 (antigeenide kiirtest tavakasutajatele)"},"content":{"rendered":"<blockquote class=\"wp-block-quote is-layout-flow wp-block-quote-is-layout-flow\">\n<p><a href=\"\/en\/...\/sars-cov-2-kiirtestid\/\" data-type=\"URL\" data-id=\"...\/sars-cov-2-kiirtestid\">SARS-CoV-2 rapid tests<\/a> | Toda Autotest Nasal Covid-19<\/p>\n<\/blockquote>\n\n\n\n<figure class=\"wp-block-image size-large is-resized\"><img loading=\"lazy\" decoding=\"async\" src=\"http:\/\/www.blsystems.ee\/wp-content\/uploads\/2021\/03\/Visuel-1024x538.png\" alt=\"\" class=\"wp-image-2329\" width=\"441\" height=\"231\" srcset=\"https:\/\/www.blsystems.ee\/wp-content\/uploads\/2021\/03\/Visuel-1024x538.png 1024w, https:\/\/www.blsystems.ee\/wp-content\/uploads\/2021\/03\/Visuel-300x158.png 300w, https:\/\/www.blsystems.ee\/wp-content\/uploads\/2021\/03\/Visuel-768x404.png 768w, https:\/\/www.blsystems.ee\/wp-content\/uploads\/2021\/03\/Visuel-16x8.png 16w, https:\/\/www.blsystems.ee\/wp-content\/uploads\/2021\/03\/Visuel.png 1337w\" sizes=\"auto, (max-width: 441px) 100vw, 441px\" \/><\/figure>\n\n\n\n<p>Toda Autotest Nasal Covid-19 on tavakasutajatele m\u00f5eldud kiirtest SARS-CoV-2 (Covid-19) viiruse antigeenide tuvastamiseks ninast.\u00a0Test v\u00f5imaldab koroonaviiruse (SARS-CoV-2) infektsiooni kiiret ja t\u00f5husat avastamist 15 minutiga.<\/p>\n\n\n\n<p><\/p>\n\n\n\n<p>Sampling: Nasal<\/p>\n\n\n\n<figure class=\"wp-block-image size-large\"><img loading=\"lazy\" decoding=\"async\" width=\"730\" height=\"233\" src=\"http:\/\/www.blsystems.ee\/wp-content\/uploads\/2021\/03\/toda-nasal-selftest.jpg\" alt=\"\" class=\"wp-image-2322\" srcset=\"https:\/\/www.blsystems.ee\/wp-content\/uploads\/2021\/03\/toda-nasal-selftest.jpg 730w, https:\/\/www.blsystems.ee\/wp-content\/uploads\/2021\/03\/toda-nasal-selftest-300x96.jpg 300w, https:\/\/www.blsystems.ee\/wp-content\/uploads\/2021\/03\/toda-nasal-selftest-16x5.jpg 16w\" sizes=\"auto, (max-width: 730px) 100vw, 730px\" \/><\/figure>\n\n\n\n<p><strong>Komplekti kuulub:<\/strong><\/p>\n\n\n\n<ol class=\"wp-block-list\">\n<li>testikassett<\/li>\n\n\n\n<li>vatipulk proovi v\u00f5tmiseks<\/li>\n\n\n\n<li>puhverlahus<\/li>\n\n\n\n<li>kasutusjuhendid<\/li>\n<\/ol>","protected":false},"excerpt":{"rendered":"<p>SARS-CoV-2 kiirtestid | Toda Autotest Nasal Covid-19 Toda Autotest Nasal Covid-19 on tavakasutajatele m\u00f5eldud kiirtest SARS-CoV-2 (Covid-19) viiruse antigeenide tuvastamiseks ninast.\u00a0Test v\u00f5imaldab koroonaviiruse (SARS-CoV-2) infektsiooni kiiret ja t\u00f5husat avastamist 15 minutiga. Proovi v\u00f5tmine: Ninast Komplekti kuulub:<\/p>","protected":false},"author":1,"featured_media":1452,"parent":2128,"menu_order":1,"comment_status":"closed","ping_status":"closed","template":"","meta":{"footnotes":""},"class_list":["post-2328","page","type-page","status-publish","has-post-thumbnail","hentry"],"_links":{"self":[{"href":"https:\/\/www.blsystems.ee\/en\/wp-json\/wp\/v2\/pages\/2328","targetHints":{"allow":["GET"]}}],"collection":[{"href":"https:\/\/www.blsystems.ee\/en\/wp-json\/wp\/v2\/pages"}],"about":[{"href":"https:\/\/www.blsystems.ee\/en\/wp-json\/wp\/v2\/types\/page"}],"author":[{"embeddable":true,"href":"https:\/\/www.blsystems.ee\/en\/wp-json\/wp\/v2\/users\/1"}],"replies":[{"embeddable":true,"href":"https:\/\/www.blsystems.ee\/en\/wp-json\/wp\/v2\/comments?post=2328"}],"version-history":[{"count":10,"href":"https:\/\/www.blsystems.ee\/en\/wp-json\/wp\/v2\/pages\/2328\/revisions"}],"predecessor-version":[{"id":2511,"href":"https:\/\/www.blsystems.ee\/en\/wp-json\/wp\/v2\/pages\/2328\/revisions\/2511"}],"up":[{"embeddable":true,"href":"https:\/\/www.blsystems.ee\/en\/wp-json\/wp\/v2\/pages\/2128"}],"wp:featuredmedia":[{"embeddable":true,"href":"https:\/\/www.blsystems.ee\/en\/wp-json\/wp\/v2\/media\/1452"}],"wp:attachment":[{"href":"https:\/\/www.blsystems.ee\/en\/wp-json\/wp\/v2\/media?parent=2328"}],"curies":[{"name":"wp","href":"https:\/\/api.w.org\/{rel}","templated":true}]}}