{"id":2191,"date":"2021-03-09T13:28:41","date_gmt":"2021-03-09T11:28:41","guid":{"rendered":"http:\/\/www.blsystems.ee\/?page_id=2191"},"modified":"2021-03-26T11:02:17","modified_gmt":"2021-03-26T09:02:17","slug":"toda-coronadiag","status":"publish","type":"page","link":"https:\/\/www.blsystems.ee\/en\/sars-cov-2-kiirtestid\/toda-coronadiag\/","title":{"rendered":"Toda Coronadiag+ (Test for IgG and IgM antibodies)"},"content":{"rendered":"<blockquote class=\"wp-block-quote is-layout-flow wp-block-quote-is-layout-flow\"><p><a href=\"\/en\/...\/sars-cov-2-kiirtestid\/\" data-type=\"URL\" data-id=\"...\/sars-cov-2-kiirtestid\">SARS-CoV-2 rapid tests<\/a> | Toda Coronadiag +<\/p><\/blockquote>\n\n\n\n<figure class=\"wp-block-image size-large\"><img loading=\"lazy\" decoding=\"async\" width=\"512\" height=\"265\" src=\"http:\/\/www.blsystems.ee\/wp-content\/uploads\/2021\/03\/toda_diag.png\" alt=\"\" class=\"wp-image-2137\" srcset=\"https:\/\/www.blsystems.ee\/wp-content\/uploads\/2021\/03\/toda_diag.png 512w, https:\/\/www.blsystems.ee\/wp-content\/uploads\/2021\/03\/toda_diag-300x155.png 300w, https:\/\/www.blsystems.ee\/wp-content\/uploads\/2021\/03\/toda_diag-16x8.png 16w\" sizes=\"auto, (max-width: 512px) 100vw, 512px\" \/><\/figure>\n\n\n\n<p><strong>The Toda Coronadiag +<\/strong> test is a rapid immunochromatographic test for the detection of immunoglobulins G (IgG) and M (IgM) in human whole blood. It enables rapid and efficient detection of 2019-nCoV virus infection (Coronavirus; SARS-CoV2) in just 15 minutes.<\/p>\n\n\n\n<p><strong>The Toda Coronadiag +<\/strong> test is a first-line test to guide the diagnosis of Covid-19 (SARS-CoV-2) by health professionals in the context of the viral pandemic.<\/p>\n\n\n\n<p><strong>Test characteristics:<\/strong><\/p>\n\n\n\n<p>From 14 to 19 days:<\/p>\n\n\n\n<ul class=\"wp-block-list\"><li>IgG sensitivity: 100%<\/li><li>IgM sensitivity: 100%<\/li><li>IgM specificity: 100%<\/li><li>Interpretation time: <strong>15 minutes.<\/strong>Positive results can appear from the first minute.<\/li><li>Sampling: <strong>Whole blood, Serum and Plasma<\/strong><\/li><li>For professional use only<\/li><\/ul>\n\n\n\n<figure class=\"wp-block-image size-large\"><img loading=\"lazy\" decoding=\"async\" width=\"1024\" height=\"501\" src=\"http:\/\/www.blsystems.ee\/wp-content\/uploads\/2021\/03\/unnamed-file-1024x501.jpg\" alt=\"\" class=\"wp-image-2213\" srcset=\"https:\/\/www.blsystems.ee\/wp-content\/uploads\/2021\/03\/unnamed-file-1024x501.jpg 1024w, https:\/\/www.blsystems.ee\/wp-content\/uploads\/2021\/03\/unnamed-file-300x147.jpg 300w, https:\/\/www.blsystems.ee\/wp-content\/uploads\/2021\/03\/unnamed-file-768x376.jpg 768w, https:\/\/www.blsystems.ee\/wp-content\/uploads\/2021\/03\/unnamed-file-16x8.jpg 16w, https:\/\/www.blsystems.ee\/wp-content\/uploads\/2021\/03\/unnamed-file.jpg 1267w\" sizes=\"auto, (max-width: 1024px) 100vw, 1024px\" \/><\/figure>","protected":false},"excerpt":{"rendered":"<p>SARS-CoV-2 kiirtestid | Toda Coronadiag + Toda Coronadiag + on immuunkromatograafiline test SARS-CoV-2 IgG ja IgM antikehade kvalitatiivseks detekteerimiseks t\u00e4isveres, seerumis v\u00f5i plasmas. Testil on kaks m\u00e4\u00e4ramisala, IgG ala ja IgM ala. Toda Coronadiag + test on esmatasandi test Covid-19 [&hellip;]<\/p>\n","protected":false},"author":1,"featured_media":1452,"parent":2128,"menu_order":0,"comment_status":"closed","ping_status":"closed","template":"","meta":{"footnotes":""},"class_list":["post-2191","page","type-page","status-publish","has-post-thumbnail","hentry"],"_links":{"self":[{"href":"https:\/\/www.blsystems.ee\/en\/wp-json\/wp\/v2\/pages\/2191","targetHints":{"allow":["GET"]}}],"collection":[{"href":"https:\/\/www.blsystems.ee\/en\/wp-json\/wp\/v2\/pages"}],"about":[{"href":"https:\/\/www.blsystems.ee\/en\/wp-json\/wp\/v2\/types\/page"}],"author":[{"embeddable":true,"href":"https:\/\/www.blsystems.ee\/en\/wp-json\/wp\/v2\/users\/1"}],"replies":[{"embeddable":true,"href":"https:\/\/www.blsystems.ee\/en\/wp-json\/wp\/v2\/comments?post=2191"}],"version-history":[{"count":13,"href":"https:\/\/www.blsystems.ee\/en\/wp-json\/wp\/v2\/pages\/2191\/revisions"}],"predecessor-version":[{"id":2301,"href":"https:\/\/www.blsystems.ee\/en\/wp-json\/wp\/v2\/pages\/2191\/revisions\/2301"}],"up":[{"embeddable":true,"href":"https:\/\/www.blsystems.ee\/en\/wp-json\/wp\/v2\/pages\/2128"}],"wp:featuredmedia":[{"embeddable":true,"href":"https:\/\/www.blsystems.ee\/en\/wp-json\/wp\/v2\/media\/1452"}],"wp:attachment":[{"href":"https:\/\/www.blsystems.ee\/en\/wp-json\/wp\/v2\/media?parent=2191"}],"curies":[{"name":"wp","href":"https:\/\/api.w.org\/{rel}","templated":true}]}}