{"id":2182,"date":"2021-03-09T13:20:53","date_gmt":"2021-03-09T11:20:53","guid":{"rendered":"http:\/\/www.blsystems.ee\/?page_id=2182"},"modified":"2021-05-04T11:52:16","modified_gmt":"2021-05-04T08:52:16","slug":"toda-coronadiag-ag","status":"publish","type":"page","link":"https:\/\/www.blsystems.ee\/en\/sars-cov-2-kiirtestid\/toda-coronadiag-ag\/","title":{"rendered":"Toda Coronadiag Ag (antigeenide kiirtest ninaneelust v\u00f5i ninas\u00f5\u00f5rmest)"},"content":{"rendered":"<blockquote class=\"wp-block-quote is-layout-flow wp-block-quote-is-layout-flow\"><p><a href=\"\/en\/...\/sars-cov-2-kiirtestid\/\" data-type=\"URL\" data-id=\"...\/sars-cov-2-kiirtestid\">SARS-CoV-2 rapid tests<\/a> | Toda Coronadiag Ag<\/p><\/blockquote>\n\n\n\n<figure class=\"wp-block-image size-large\"><img loading=\"lazy\" decoding=\"async\" width=\"512\" height=\"265\" src=\"http:\/\/www.blsystems.ee\/wp-content\/uploads\/2021\/03\/toda_AG.png\" alt=\"\" class=\"wp-image-2135\" srcset=\"https:\/\/www.blsystems.ee\/wp-content\/uploads\/2021\/03\/toda_AG.png 512w, https:\/\/www.blsystems.ee\/wp-content\/uploads\/2021\/03\/toda_AG-300x155.png 300w, https:\/\/www.blsystems.ee\/wp-content\/uploads\/2021\/03\/toda_AG-16x8.png 16w\" sizes=\"auto, (max-width: 512px) 100vw, 512px\" \/><\/figure>\n\n\n\n<p><strong>The Coronadiag Ag<\/strong> on in vitro diagnostiline test SARS-CoV-2 viirusliku nukleoproteiini antigeeni otseseks ja kvalitatiivseks tuvastamiseks ninaneelust v\u00f5i ninas\u00f5\u00f5rmest <strong>15 minutes<\/strong>.<\/p>\n\n\n\n<p><strong>The Coronadiag Ag<\/strong> kiirtest v\u00f5imaldab Covid-19 (SARS-CoV-2) otsest diagnoosimist &nbsp;tervishoiut\u00f6\u00f6tajate poolt viirusepandeemia kontekstis.<\/p>\n\n\n\n<p><strong><strong>Test characteristics:<\/strong><\/strong><\/p>\n\n\n\n<p>1 to 7 days after onset of symptoms:<\/p>\n\n\n\n<ul class=\"wp-block-list\"><li><strong>Sensitivity: 99.9%<\/strong><\/li><li><strong>Specificity<\/strong>: <strong>100%<\/strong><\/li><li>Interpretation time: 15 minutes. Positive results can appear from the first minute.<\/li><li>Sampling:<strong> ninaneelust v\u00f5i ninas\u00f5\u00f5rmest<\/strong><\/li><li>For professional use only<\/li><\/ul>\n\n\n\n<figure class=\"wp-block-image size-large\"><img loading=\"lazy\" decoding=\"async\" width=\"347\" height=\"274\" src=\"http:\/\/www.blsystems.ee\/wp-content\/uploads\/2021\/05\/toda-ag.jpg\" alt=\"\" class=\"wp-image-2360\" srcset=\"https:\/\/www.blsystems.ee\/wp-content\/uploads\/2021\/05\/toda-ag.jpg 347w, https:\/\/www.blsystems.ee\/wp-content\/uploads\/2021\/05\/toda-ag-300x237.jpg 300w, https:\/\/www.blsystems.ee\/wp-content\/uploads\/2021\/05\/toda-ag-16x12.jpg 16w\" sizes=\"auto, (max-width: 347px) 100vw, 347px\" \/><\/figure>","protected":false},"excerpt":{"rendered":"<p>SARS-CoV-2 kiirtestid | Toda Coronadiag Ag Coronadiag Ag on in vitro diagnostiline test SARS-CoV-2 viirusliku nukleoproteiini antigeeni otseseks ja kvalitatiivseks tuvastamiseks ninaneelust v\u00f5i ninas\u00f5\u00f5rmest 15 minuti jooksul. Coronadiag Ag kiirtest v\u00f5imaldab Covid-19 (SARS-CoV-2) otsest diagnoosimist &nbsp;tervishoiut\u00f6\u00f6tajate poolt viirusepandeemia kontekstis. Kiirtesti [&hellip;]<\/p>\n","protected":false},"author":1,"featured_media":1452,"parent":2128,"menu_order":0,"comment_status":"closed","ping_status":"closed","template":"","meta":{"footnotes":""},"class_list":["post-2182","page","type-page","status-publish","has-post-thumbnail","hentry"],"_links":{"self":[{"href":"https:\/\/www.blsystems.ee\/en\/wp-json\/wp\/v2\/pages\/2182","targetHints":{"allow":["GET"]}}],"collection":[{"href":"https:\/\/www.blsystems.ee\/en\/wp-json\/wp\/v2\/pages"}],"about":[{"href":"https:\/\/www.blsystems.ee\/en\/wp-json\/wp\/v2\/types\/page"}],"author":[{"embeddable":true,"href":"https:\/\/www.blsystems.ee\/en\/wp-json\/wp\/v2\/users\/1"}],"replies":[{"embeddable":true,"href":"https:\/\/www.blsystems.ee\/en\/wp-json\/wp\/v2\/comments?post=2182"}],"version-history":[{"count":19,"href":"https:\/\/www.blsystems.ee\/en\/wp-json\/wp\/v2\/pages\/2182\/revisions"}],"predecessor-version":[{"id":2366,"href":"https:\/\/www.blsystems.ee\/en\/wp-json\/wp\/v2\/pages\/2182\/revisions\/2366"}],"up":[{"embeddable":true,"href":"https:\/\/www.blsystems.ee\/en\/wp-json\/wp\/v2\/pages\/2128"}],"wp:featuredmedia":[{"embeddable":true,"href":"https:\/\/www.blsystems.ee\/en\/wp-json\/wp\/v2\/media\/1452"}],"wp:attachment":[{"href":"https:\/\/www.blsystems.ee\/en\/wp-json\/wp\/v2\/media?parent=2182"}],"curies":[{"name":"wp","href":"https:\/\/api.w.org\/{rel}","templated":true}]}}