{"id":2172,"date":"2021-03-09T13:12:27","date_gmt":"2021-03-09T11:12:27","guid":{"rendered":"http:\/\/www.blsystems.ee\/?page_id=2172"},"modified":"2021-10-26T10:46:12","modified_gmt":"2021-10-26T07:46:12","slug":"toda-covdiag-saliva","status":"publish","type":"page","link":"https:\/\/www.blsystems.ee\/en\/sars-cov-2-kiirtestid\/toda-covdiag-saliva\/","title":{"rendered":"Toda Covdiag Saliva (antigenic saliva test)"},"content":{"rendered":"<blockquote class=\"wp-block-quote is-layout-flow wp-block-quote-is-layout-flow\"><p><a href=\"\/en\/...\/sars-cov-2-kiirtestid\/\" data-type=\"URL\" data-id=\"...\/sars-cov-2-kiirtestid\">SARS-CoV-2 rapid tests<\/a> | Toda Covdiag Saliva<\/p><\/blockquote>\n\n\n\n<figure class=\"wp-block-image size-large is-resized\"><img loading=\"lazy\" decoding=\"async\" src=\"http:\/\/www.blsystems.ee\/wp-content\/uploads\/2021\/10\/boite_toda_Covdiag_Saliva_montage-min-1024x683.png\" alt=\"\" class=\"wp-image-2467\" width=\"399\" height=\"266\" srcset=\"https:\/\/www.blsystems.ee\/wp-content\/uploads\/2021\/10\/boite_toda_Covdiag_Saliva_montage-min-1024x683.png 1024w, https:\/\/www.blsystems.ee\/wp-content\/uploads\/2021\/10\/boite_toda_Covdiag_Saliva_montage-min-300x200.png 300w, https:\/\/www.blsystems.ee\/wp-content\/uploads\/2021\/10\/boite_toda_Covdiag_Saliva_montage-min-768x512.png 768w, https:\/\/www.blsystems.ee\/wp-content\/uploads\/2021\/10\/boite_toda_Covdiag_Saliva_montage-min-1536x1024.png 1536w, https:\/\/www.blsystems.ee\/wp-content\/uploads\/2021\/10\/boite_toda_Covdiag_Saliva_montage-min-2048x1365.png 2048w, https:\/\/www.blsystems.ee\/wp-content\/uploads\/2021\/10\/boite_toda_Covdiag_Saliva_montage-min-18x12.png 18w\" sizes=\"auto, (max-width: 399px) 100vw, 399px\" \/><\/figure>\n\n\n\n<p><strong>The Covdiag Saliva<\/strong>\u00a0is a rapid test for the antigenic detection of the SARS-CoV-2 coronavirus in saliva. The test allows rapid and efficient detection of infection with the Coronavirus virus and its variants in just<strong>.<\/strong><\/p>\n\n\n\n<p><strong>Test characteristics:<\/strong><\/p>\n\n\n\n<ul class=\"wp-block-list\"><li><strong>Sensitivity: 93.86%<\/strong><\/li><li><strong>Specificity: 99.99%<\/strong><\/li><li><strong>Accuracy: 97.14%<\/strong><\/li><li>Sampling:\u00a0<strong>Salivary<\/strong><\/li><li>For professional use only<\/li><\/ul>\n\n\n\n<figure class=\"wp-block-image size-full is-resized\"><img loading=\"lazy\" decoding=\"async\" src=\"http:\/\/www.blsystems.ee\/wp-content\/uploads\/2021\/10\/toda-saliva-new.jpg\" alt=\"\" class=\"wp-image-2468\" width=\"314\" height=\"447\" srcset=\"https:\/\/www.blsystems.ee\/wp-content\/uploads\/2021\/10\/toda-saliva-new.jpg 544w, https:\/\/www.blsystems.ee\/wp-content\/uploads\/2021\/10\/toda-saliva-new-210x300.jpg 210w, https:\/\/www.blsystems.ee\/wp-content\/uploads\/2021\/10\/toda-saliva-new-8x12.jpg 8w\" sizes=\"auto, (max-width: 314px) 100vw, 314px\" \/><\/figure>","protected":false},"excerpt":{"rendered":"<p>SARS-CoV-2 kiirtestid | Toda Covdiag Saliva Covdiag Saliva\u00a0kiirtest v\u00f5imaldab kiiresti ja efektiivselt s\u00fcljest tuvastada koroonaviirust ja selle erinevaid t\u00fcvesid. Kiirtesti omadused: Tundlikkus: 93.86% Spetsiifilisus: 99.99% T\u00e4psus: 97.14% Proovi v\u00f5tmine:\u00a0S\u00fcljest Ainult professionaalseks kasutamiseks.<\/p>","protected":false},"author":1,"featured_media":1452,"parent":2128,"menu_order":0,"comment_status":"closed","ping_status":"closed","template":"","meta":{"footnotes":""},"class_list":["post-2172","page","type-page","status-publish","has-post-thumbnail","hentry"],"_links":{"self":[{"href":"https:\/\/www.blsystems.ee\/en\/wp-json\/wp\/v2\/pages\/2172","targetHints":{"allow":["GET"]}}],"collection":[{"href":"https:\/\/www.blsystems.ee\/en\/wp-json\/wp\/v2\/pages"}],"about":[{"href":"https:\/\/www.blsystems.ee\/en\/wp-json\/wp\/v2\/types\/page"}],"author":[{"embeddable":true,"href":"https:\/\/www.blsystems.ee\/en\/wp-json\/wp\/v2\/users\/1"}],"replies":[{"embeddable":true,"href":"https:\/\/www.blsystems.ee\/en\/wp-json\/wp\/v2\/comments?post=2172"}],"version-history":[{"count":17,"href":"https:\/\/www.blsystems.ee\/en\/wp-json\/wp\/v2\/pages\/2172\/revisions"}],"predecessor-version":[{"id":2471,"href":"https:\/\/www.blsystems.ee\/en\/wp-json\/wp\/v2\/pages\/2172\/revisions\/2471"}],"up":[{"embeddable":true,"href":"https:\/\/www.blsystems.ee\/en\/wp-json\/wp\/v2\/pages\/2128"}],"wp:featuredmedia":[{"embeddable":true,"href":"https:\/\/www.blsystems.ee\/en\/wp-json\/wp\/v2\/media\/1452"}],"wp:attachment":[{"href":"https:\/\/www.blsystems.ee\/en\/wp-json\/wp\/v2\/media?parent=2172"}],"curies":[{"name":"wp","href":"https:\/\/api.w.org\/{rel}","templated":true}]}}