{"id":2128,"date":"2021-03-09T12:38:07","date_gmt":"2021-03-09T10:38:07","guid":{"rendered":"http:\/\/www.blsystems.ee\/?page_id=2128"},"modified":"2022-11-10T11:39:45","modified_gmt":"2022-11-10T09:39:45","slug":"sars-cov-2-kiirtestid","status":"publish","type":"page","link":"https:\/\/www.blsystems.ee\/en\/sars-cov-2-kiirtestid\/","title":{"rendered":"SARS-CoV-2 rapid tests"},"content":{"rendered":"<h3 class=\"wp-block-heading\">SARS-CoV-2 rapid tests<\/h3>\n\n\n\n<hr class=\"wp-block-separator has-css-opacity is-style-wide\"\/>\n\n\n\n<div class=\"wp-block-columns are-vertically-aligned-center is-layout-flex wp-container-core-columns-is-layout-9d6595d7 wp-block-columns-is-layout-flex\">\n<div class=\"wp-block-column is-vertically-aligned-center is-layout-flow wp-block-column-is-layout-flow\">\n<figure class=\"wp-block-gallery aligncenter has-nested-images columns-default is-cropped wp-block-gallery-1 is-layout-flex wp-block-gallery-is-layout-flex\">\n<figure class=\"wp-block-image size-full\"><a href=\"\/en\/...\/...\/sars-cov-2-kiirtestid\/toda-autotest-nasal-covid-19-antigeenide-kiirtest-tavakasutajatele\/\"><img decoding=\"async\" data-id=\"2510\" src=\"http:\/\/www.blsystems.ee\/wp-content\/uploads\/2022\/11\/Montage-Autotest-boite-de-5_produit.png\" alt=\"\" class=\"wp-image-2510\"\/><\/a><\/figure>\n<\/figure>\n\n\n\n<p class=\"has-text-align-center has-grey-color has-text-color\"> <a href=\"\/en\/...\/sars-cov-2-kiirtestid\/toda-autotest-nasal-covid-19-antigeenide-kiirtest-tavakasutajatele\/\" data-type=\"URL\" data-id=\"...\/sars-cov-2-kiirtestid\/toda-autotest-nasal-covid-19-antigeenide-kiirtest-tavakasutajatele\/\">Toda Autotest Nasal Covid-19<\/a><\/p>\n\n\n\n<p class=\"has-text-align-center has-grey-color has-text-color\" style=\"font-size:13px\"> Antigeenide kiirtest tavakasutajatele<\/p>\n<\/div>\n\n\n\n<div class=\"wp-block-column is-vertically-aligned-center is-layout-flow wp-block-column-is-layout-flow\">\n<div class=\"wp-block-buttons is-horizontal is-content-justification-center is-layout-flex wp-container-core-buttons-is-layout-499968f5 wp-block-buttons-is-layout-flex\">\n<div class=\"wp-block-button\"><a class=\"wp-block-button__link has-text-color has-background wp-element-button\" href=\"\/en\/...\/toda-covdiag-saliva\/\" style=\"color:#122068;background-color:#ffffff\"><img loading=\"lazy\" decoding=\"async\" width=\"300\" height=\"200\" class=\"wp-image-2467\" style=\"width: 300px;\" src=\"http:\/\/www.blsystems.ee\/wp-content\/uploads\/2021\/10\/boite_toda_Covdiag_Saliva_montage-min.png\" alt=\"\" srcset=\"https:\/\/www.blsystems.ee\/wp-content\/uploads\/2021\/10\/boite_toda_Covdiag_Saliva_montage-min.png 6000w, https:\/\/www.blsystems.ee\/wp-content\/uploads\/2021\/10\/boite_toda_Covdiag_Saliva_montage-min-300x200.png 300w, https:\/\/www.blsystems.ee\/wp-content\/uploads\/2021\/10\/boite_toda_Covdiag_Saliva_montage-min-1024x683.png 1024w, https:\/\/www.blsystems.ee\/wp-content\/uploads\/2021\/10\/boite_toda_Covdiag_Saliva_montage-min-768x512.png 768w, https:\/\/www.blsystems.ee\/wp-content\/uploads\/2021\/10\/boite_toda_Covdiag_Saliva_montage-min-1536x1024.png 1536w, https:\/\/www.blsystems.ee\/wp-content\/uploads\/2021\/10\/boite_toda_Covdiag_Saliva_montage-min-2048x1365.png 2048w, https:\/\/www.blsystems.ee\/wp-content\/uploads\/2021\/10\/boite_toda_Covdiag_Saliva_montage-min-18x12.png 18w\" sizes=\"auto, (max-width: 300px) 100vw, 300px\" \/><br><\/a><\/div>\n<\/div>\n\n\n\n<p class=\"has-text-align-center has-grey-color has-text-color\"><a href=\"\/en\/...\/Toda-Coronadiag-Ag\/\"><a href=\"\/en\/...\/toda-covdiag-saliva\/\">Toda Covdiag Saliva<\/a><\/a><\/p>\n\n\n\n<p class=\"has-text-align-center has-grey-color has-text-color\" style=\"font-size:13px\"> Antigenic saliva test<\/p>\n<\/div>\n\n\n\n<div class=\"wp-block-column is-vertically-aligned-center is-layout-flow wp-block-column-is-layout-flow\">\n<div class=\"wp-block-buttons is-horizontal is-content-justification-center is-layout-flex wp-container-core-buttons-is-layout-499968f5 wp-block-buttons-is-layout-flex\">\n<div class=\"wp-block-button\"><a class=\"wp-block-button__link has-text-color has-background wp-element-button\" href=\"\/en\/...\/Toda-Coronadiag-Ag\/\" style=\"color:#122069;background-color:#ffffff\"><br><img loading=\"lazy\" decoding=\"async\" width=\"350\" height=\"181\" class=\"wp-image-2135\" style=\"width: 350px;\" src=\"http:\/\/www.blsystems.ee\/wp-content\/uploads\/2021\/03\/toda_AG.png\" alt=\"\" srcset=\"https:\/\/www.blsystems.ee\/wp-content\/uploads\/2021\/03\/toda_AG.png 512w, https:\/\/www.blsystems.ee\/wp-content\/uploads\/2021\/03\/toda_AG-300x155.png 300w, https:\/\/www.blsystems.ee\/wp-content\/uploads\/2021\/03\/toda_AG-16x8.png 16w\" sizes=\"auto, (max-width: 350px) 100vw, 350px\" \/><br><\/a><\/div>\n<\/div>\n\n\n\n<p class=\"has-text-align-center has-grey-color has-text-color\"><a href=\"\/en\/...\/Toda-Coronadiag-Ag\/\">Toda Coronadiag Ag <\/a><\/p>\n\n\n\n<p class=\"has-text-align-center has-grey-color has-text-color\" style=\"font-size:13px\">Antigeenide kiirtest ninaneelust v\u00f5i ninas\u00f5\u00f5rmest<\/p>\n<\/div>\n<\/div>\n\n\n\n<div class=\"wp-block-columns are-vertically-aligned-center is-layout-flex wp-container-core-columns-is-layout-9d6595d7 wp-block-columns-is-layout-flex\">\n<div class=\"wp-block-column is-vertically-aligned-center is-layout-flow wp-block-column-is-layout-flow\">\n<figure class=\"wp-block-image\"><a href=\"..\/toda-coronadiag\"><img loading=\"lazy\" decoding=\"async\" width=\"512\" height=\"265\" src=\"http:\/\/www.blsystems.ee\/wp-content\/uploads\/2021\/03\/toda_diag.png\" alt=\"\" class=\"wp-image-2137\" srcset=\"https:\/\/www.blsystems.ee\/wp-content\/uploads\/2021\/03\/toda_diag.png 512w, https:\/\/www.blsystems.ee\/wp-content\/uploads\/2021\/03\/toda_diag-300x155.png 300w, https:\/\/www.blsystems.ee\/wp-content\/uploads\/2021\/03\/toda_diag-16x8.png 16w\" sizes=\"auto, (max-width: 512px) 100vw, 512px\" \/><\/a><\/figure>\n\n\n\n<p class=\"has-text-align-center has-grey-color has-text-color\"> <a href=\"\/en\/...\/toda-coronadiag\/\"><a href=\"\/en\/...\/Toda-Coronadiag\/\" data-type=\"URL\" data-id=\"...\/Toda-Coronadiag\">The Toda Coronadiag +<\/a><\/a><\/p>\n\n\n\n<p class=\"has-text-align-center has-grey-color has-text-color\" style=\"font-size:13px\">Test for IgG and IgM antibodies<\/p>\n<\/div>\n\n\n\n<div class=\"wp-block-column is-vertically-aligned-center is-layout-flow wp-block-column-is-layout-flow\">\n<div class=\"wp-block-buttons is-horizontal is-content-justification-center is-layout-flex wp-container-core-buttons-is-layout-499968f5 wp-block-buttons-is-layout-flex\">\n<div class=\"wp-block-button\"><a class=\"wp-block-button__link has-text-color has-background wp-element-button\" href=\"\/en\/...\/toda-coronadiag-ag\/\" style=\"color:#122068;background-color:#ffffff\"><br><\/a><\/div>\n<\/div>\n\n\n\n<p class=\"has-text-align-center has-grey-color has-text-color\" style=\"font-size:13px\"><\/p>\n<\/div>\n\n\n\n<div class=\"wp-block-column is-vertically-aligned-center is-layout-flow wp-block-column-is-layout-flow\">\n<div class=\"wp-block-buttons is-horizontal is-content-justification-center is-layout-flex wp-container-core-buttons-is-layout-499968f5 wp-block-buttons-is-layout-flex\">\n<div class=\"wp-block-button\"><a class=\"wp-block-button__link has-text-color has-background wp-element-button\" href=\"\/en\/...\/Toda-Coronadiag\/\" style=\"color:#122069;background-color:#ffffff\"><br><br><\/a><\/div>\n<\/div>\n\n\n\n<p class=\"has-text-align-center has-grey-color has-text-color\" style=\"font-size:13px\"><\/p>\n<\/div>\n<\/div>","protected":false},"excerpt":{"rendered":"<p>SARS-CoV-2 kiirtestid Toda Autotest Nasal Covid-19 Antigeenide kiirtest tavakasutajatele Toda Covdiag Saliva Antigeenide kiirtest s\u00fcljest Toda Coronadiag Ag Antigeenide kiirtest ninaneelust v\u00f5i ninas\u00f5\u00f5rmest Toda Coronadiag + Antikehade IgG ja IgM kiirtest<\/p>","protected":false},"author":1,"featured_media":0,"parent":0,"menu_order":0,"comment_status":"closed","ping_status":"closed","template":"","meta":{"footnotes":""},"class_list":["post-2128","page","type-page","status-publish","hentry"],"_links":{"self":[{"href":"https:\/\/www.blsystems.ee\/en\/wp-json\/wp\/v2\/pages\/2128","targetHints":{"allow":["GET"]}}],"collection":[{"href":"https:\/\/www.blsystems.ee\/en\/wp-json\/wp\/v2\/pages"}],"about":[{"href":"https:\/\/www.blsystems.ee\/en\/wp-json\/wp\/v2\/types\/page"}],"author":[{"embeddable":true,"href":"https:\/\/www.blsystems.ee\/en\/wp-json\/wp\/v2\/users\/1"}],"replies":[{"embeddable":true,"href":"https:\/\/www.blsystems.ee\/en\/wp-json\/wp\/v2\/comments?post=2128"}],"version-history":[{"count":42,"href":"https:\/\/www.blsystems.ee\/en\/wp-json\/wp\/v2\/pages\/2128\/revisions"}],"predecessor-version":[{"id":2517,"href":"https:\/\/www.blsystems.ee\/en\/wp-json\/wp\/v2\/pages\/2128\/revisions\/2517"}],"wp:attachment":[{"href":"https:\/\/www.blsystems.ee\/en\/wp-json\/wp\/v2\/media?parent=2128"}],"curies":[{"name":"wp","href":"https:\/\/api.w.org\/{rel}","templated":true}]}}