{"id":1467,"date":"2020-04-28T12:10:23","date_gmt":"2020-04-28T12:10:23","guid":{"rendered":"http:\/\/www.autocamper.ee\/BLS_test\/?page_id=1467"},"modified":"2020-04-28T12:10:23","modified_gmt":"2020-04-28T12:10:23","slug":"laboriaparatuur-ja-tarvikud","status":"publish","type":"page","link":"https:\/\/www.blsystems.ee\/en\/laboriaparatuur-ja-tarvikud\/","title":{"rendered":"Laboratory equipment and supplies"},"content":{"rendered":"<h4 class=\"wp-block-heading\">Laboratory equipment and supplies<\/h4>\n\n\n\n<hr class=\"wp-block-separator is-style-wide\"\/>\n\n\n\n<div class=\"wp-block-columns is-layout-flex wp-container-core-columns-is-layout-9d6595d7 wp-block-columns-is-layout-flex\">\n<div class=\"wp-block-column is-layout-flow wp-block-column-is-layout-flow\">\n<div class=\"wp-block-buttons is-layout-flex wp-block-buttons-is-layout-flex\">\n<div class=\"wp-block-button\"><a class=\"wp-block-button__link has-background\" href=\"https:\/\/www.labtron.com\/Lab-Equipment\" style=\"background-color:#ffffff\" target=\"_blank\" rel=\"noreferrer noopener\"><img loading=\"lazy\" decoding=\"async\" width=\"300\" height=\"200\" class=\"wp-image-1488\" style=\"width: 300px;\" src=\"http:\/\/www.blsystems.ee\/wp-content\/uploads\/2020\/04\/lab_equipment.png\" alt=\"\"><\/a><\/div>\n<\/div>\n\n\n\n<p class=\"has-text-color has-text-align-center has-grey-color\"><a href=\"https:\/\/www.labtron.com\/Lab-Equipment\" target=\"_blank\" rel=\"noreferrer noopener\">Laboratory equipment<\/a><\/p>\n<\/div>\n\n\n\n<div class=\"wp-block-column is-layout-flow wp-block-column-is-layout-flow\">\n<div class=\"wp-block-buttons is-layout-flex wp-block-buttons-is-layout-flex\">\n<div class=\"wp-block-button\"><a class=\"wp-block-button__link has-background\" style=\"background-color:#ffffff\"><img loading=\"lazy\" decoding=\"async\" width=\"300\" height=\"200\" class=\"wp-image-1478\" style=\"width: 300px;\" alt=\"\" src=\"http:\/\/www.blsystems.ee\/wp-content\/uploads\/2020\/04\/analytical_equipment.png\"><\/a><\/div>\n<\/div>\n\n\n\n<p class=\"has-text-color has-text-align-center has-grey-color\"><a href=\"https:\/\/www.labtron.com\/Analytical-Instruments\" target=\"_blank\" rel=\"noreferrer noopener\">Analytical equipment<\/a><\/p>\n<\/div>\n\n\n\n<div class=\"wp-block-column is-layout-flow wp-block-column-is-layout-flow\">\n<div class=\"wp-block-buttons is-layout-flex wp-block-buttons-is-layout-flex\">\n<div class=\"wp-block-button\"><a class=\"wp-block-button__link has-background\" href=\"https:\/\/www.labtron.com\/Lab-Supplies\" style=\"background-color:#ffffff\" target=\"_blank\" rel=\"noreferrer noopener\"><img loading=\"lazy\" decoding=\"async\" width=\"300\" height=\"200\" class=\"wp-image-1480\" style=\"width: 300px;\" alt=\"\" src=\"http:\/\/www.blsystems.ee\/wp-content\/uploads\/2020\/04\/lab_supplies.png\"><\/a><\/div>\n<\/div>\n\n\n\n<p class=\"has-text-color has-text-align-center has-regular-font-size has-grey-color\">Laboratory accessories<\/p>\n<\/div>\n<\/div>\n\n\n\n<div class=\"wp-block-columns is-layout-flex wp-container-core-columns-is-layout-9d6595d7 wp-block-columns-is-layout-flex\">\n<div class=\"wp-block-column is-layout-flow wp-block-column-is-layout-flow\">\n<div class=\"wp-block-buttons is-layout-flex wp-block-buttons-is-layout-flex\">\n<div class=\"wp-block-button\"><a class=\"wp-block-button__link has-background\" href=\"https:\/\/www.labtron.com\/General-Lab-Products\" style=\"background-color:#ffffff\" target=\"_blank\" rel=\"noreferrer noopener\"><img loading=\"lazy\" decoding=\"async\" width=\"300\" height=\"200\" class=\"wp-image-1479\" style=\"width: 300px;\" alt=\"\" src=\"http:\/\/www.blsystems.ee\/wp-content\/uploads\/2020\/04\/General-Laboratory-Products.png\"><\/a><\/div>\n<\/div>\n\n\n\n<p class=\"has-text-color has-text-align-center has-grey-color\"><a href=\"https:\/\/www.labtron.com\/General-Lab-Products\" target=\"_blank\" rel=\"noreferrer noopener\">General laboratory supplies<\/a><\/p>\n<\/div>\n\n\n\n<div class=\"wp-block-column is-layout-flow wp-block-column-is-layout-flow\"><\/div>\n\n\n\n<div class=\"wp-block-column is-layout-flow wp-block-column-is-layout-flow\"><\/div>\n<\/div>","protected":false},"excerpt":{"rendered":"<p>Laboriaparatuur ja -tarvikud Laboriaparatuur Anal\u00fc\u00fctiline aparatuur Laboritarvikud \u00dcldlaboritarvikud<\/p>","protected":false},"author":1,"featured_media":0,"parent":0,"menu_order":0,"comment_status":"closed","ping_status":"closed","template":"","meta":{"footnotes":""},"class_list":["post-1467","page","type-page","status-publish","hentry"],"_links":{"self":[{"href":"https:\/\/www.blsystems.ee\/en\/wp-json\/wp\/v2\/pages\/1467","targetHints":{"allow":["GET"]}}],"collection":[{"href":"https:\/\/www.blsystems.ee\/en\/wp-json\/wp\/v2\/pages"}],"about":[{"href":"https:\/\/www.blsystems.ee\/en\/wp-json\/wp\/v2\/types\/page"}],"author":[{"embeddable":true,"href":"https:\/\/www.blsystems.ee\/en\/wp-json\/wp\/v2\/users\/1"}],"replies":[{"embeddable":true,"href":"https:\/\/www.blsystems.ee\/en\/wp-json\/wp\/v2\/comments?post=1467"}],"version-history":[{"count":0,"href":"https:\/\/www.blsystems.ee\/en\/wp-json\/wp\/v2\/pages\/1467\/revisions"}],"wp:attachment":[{"href":"https:\/\/www.blsystems.ee\/en\/wp-json\/wp\/v2\/media?parent=1467"}],"curies":[{"name":"wp","href":"https:\/\/api.w.org\/{rel}","templated":true}]}}