{"id":1457,"date":"2020-04-28T12:05:19","date_gmt":"2020-04-28T12:05:19","guid":{"rendered":"http:\/\/www.autocamper.ee\/BLS_test\/?page_id=1457"},"modified":"2020-11-24T16:36:27","modified_gmt":"2020-11-24T14:36:27","slug":"labtron-equipment-ltd","status":"publish","type":"page","link":"https:\/\/www.blsystems.ee\/en\/koostoopartnerid\/labtron-equipment-ltd\/","title":{"rendered":"Labtron Equipment Ltd"},"content":{"rendered":"<blockquote class=\"wp-block-quote is-layout-flow wp-block-quote-is-layout-flow\"><p><a href=\"http:\/\/www.blsystems.ee\/en\/koostoopartnerid\/\">Partners<\/a> | Labtron Equipment Ltd<\/p><\/blockquote>\n\n\n\n<figure class=\"wp-block-image size-large is-resized\"><a href=\"https:\/\/www.labtron.com\/\" target=\"_blank\" rel=\"noopener noreferrer\"><img loading=\"lazy\" decoding=\"async\" src=\"http:\/\/www.blsystems.ee\/wp-content\/uploads\/2020\/04\/Labtron_logo.png\" alt=\"\" class=\"wp-image-1456\" width=\"255\" height=\"43\" srcset=\"https:\/\/www.blsystems.ee\/wp-content\/uploads\/2020\/04\/Labtron_logo.png 371w, https:\/\/www.blsystems.ee\/wp-content\/uploads\/2020\/04\/Labtron_logo-300x50.png 300w\" sizes=\"auto, (max-width: 255px) 100vw, 255px\" \/><\/a><\/figure>\n\n\n\n<p class=\"has-regular-font-size\">Lab equipment: Autoclaves, Centrifuges, Freezers and Freeze dryers, Biological safety cabinets and Fume-hoods, Gel documentation, Incubator and Furnaces, Test chambers<\/p>\n\n\n\n<p class=\"has-regular-font-size\">Tootevalikus on:<br><strong>Laboriaparatuur:<\/strong> autoklaavid, tsentrifuugid, s\u00fcgavk\u00fclmikud ja k\u00fclmkuivatid, bioloogilise ohutuse kapid ja \u00f5hupuhastid, geeldokumentatsioon, inkubaator ja ahjud, katsekambrid .&nbsp;<br><b>Anal\u00fc\u00fctiline aparatuur:<\/b> Aatomabsorptsioon -pektrofotomeeterid ja spektromeeterid, HPLC ja kromatograafiad, RT-PCR ja Thermal Cyclers.&nbsp;<br><strong>Laboratory accessories<\/strong>: Cell culture products, vedelike k\u00e4itlemine, laboratoorsed plasttooted ja kulumaterjalid.<br><strong>\u00dcldlaboritarvikud:<\/strong> Bottles and Beakers, Measuring cylinders and Reservoirs, Test tubes and Petri-dish, Flask and Containers<\/p>","protected":false},"excerpt":{"rendered":"<p>Koost\u00f6\u00f6partnerid | Labtron Equipment Ltd Labtron Equipment Ltd. on \u00dchendkuningriigis asuv ettev\u00f5te, mis pakub laia valikut laboratoorseid seadmeid bioteaduste, toidu, pol\u00fcmeeri, farmaatsia-, keemia- ja naftakeemiat\u00f6\u00f6stuse valdkonnas, samuti haridusasutustes ja teaduslaborites. Tootevalikus on:Laboriaparatuur: autoklaavid, tsentrifuugid, s\u00fcgavk\u00fclmikud ja k\u00fclmkuivatid, bioloogilise ohutuse kapid [&hellip;]<\/p>\n","protected":false},"author":1,"featured_media":1455,"parent":18,"menu_order":0,"comment_status":"closed","ping_status":"closed","template":"","meta":{"footnotes":""},"class_list":["post-1457","page","type-page","status-publish","has-post-thumbnail","hentry"],"_links":{"self":[{"href":"https:\/\/www.blsystems.ee\/en\/wp-json\/wp\/v2\/pages\/1457","targetHints":{"allow":["GET"]}}],"collection":[{"href":"https:\/\/www.blsystems.ee\/en\/wp-json\/wp\/v2\/pages"}],"about":[{"href":"https:\/\/www.blsystems.ee\/en\/wp-json\/wp\/v2\/types\/page"}],"author":[{"embeddable":true,"href":"https:\/\/www.blsystems.ee\/en\/wp-json\/wp\/v2\/users\/1"}],"replies":[{"embeddable":true,"href":"https:\/\/www.blsystems.ee\/en\/wp-json\/wp\/v2\/comments?post=1457"}],"version-history":[{"count":1,"href":"https:\/\/www.blsystems.ee\/en\/wp-json\/wp\/v2\/pages\/1457\/revisions"}],"predecessor-version":[{"id":1996,"href":"https:\/\/www.blsystems.ee\/en\/wp-json\/wp\/v2\/pages\/1457\/revisions\/1996"}],"up":[{"embeddable":true,"href":"https:\/\/www.blsystems.ee\/en\/wp-json\/wp\/v2\/pages\/18"}],"wp:featuredmedia":[{"embeddable":true,"href":"https:\/\/www.blsystems.ee\/en\/wp-json\/wp\/v2\/media\/1455"}],"wp:attachment":[{"href":"https:\/\/www.blsystems.ee\/en\/wp-json\/wp\/v2\/media?parent=1457"}],"curies":[{"name":"wp","href":"https:\/\/api.w.org\/{rel}","templated":true}]}}