{"id":1410,"date":"2020-04-27T09:06:50","date_gmt":"2020-04-27T09:06:50","guid":{"rendered":"http:\/\/www.autocamper.ee\/BLS_test\/?page_id=1410"},"modified":"2020-11-24T16:26:26","modified_gmt":"2020-11-24T14:26:26","slug":"steel","status":"publish","type":"page","link":"https:\/\/www.blsystems.ee\/en\/lantsetid\/steel\/","title":{"rendered":"Vitrex Steel"},"content":{"rendered":"<blockquote class=\"wp-block-quote is-layout-flow wp-block-quote-is-layout-flow\"><p><a href=\"http:\/\/www.blsystems.ee\/en\/lantsetid\/\">Lancets<\/a>\u00a0| Steel lancets<\/p><\/blockquote>\n\n\n\n<h3 class=\"wp-block-heading\">Vitrex Steel<\/h3>\n\n\n\n<h4 class=\"wp-block-heading\">\u00dcldotstarbeline kapillaarvere lantsett<\/h4>\n\n\n\n<p class=\"has-regular-font-size\">Vitrexi Steel lantsid on \u00fcldotstarbelised traditsioonilised k\u00e4eshoitavad, lamedad ja roostevabast terasest lantsid. Need on Vitrex lantsettide tootevalikus ainsad lantsettid millel puudub turvafunktsiooni. Vitrex Steel lantsetid on saadaval standard- ja allergiaversioonina.<\/p>\n\n\n\n<ul class=\"wp-block-list\"><li>Lihtsad, lamedad, terasest lantsetid<\/li><li>Suurep\u00e4rane verevool<\/li><li>Karastatud kirurgiline teras<\/li><li>Kaasaegne as\u00fcmmeetriline disain.<\/li><li>Steriliseeritud gammakiirgusegal vastavalt standarditele EN 556 ja EN ISO 11137.<\/li><\/ul>\n\n\n\n<div class=\"wp-block-file\"><a href=\"http:\/\/www.blsystems.ee\/wp-content\/uploads\/2020\/04\/Steel_Vitrex_Lancets.pdf\" class=\"wp-block-file__button\" download>Brochure<\/a><\/div>","protected":false},"excerpt":{"rendered":"<p>Lantsetid\u00a0| Steel lancets Vitrex Steel \u00dcldotstarbeline kapillaarvere lantsett Vitrexi Steel lantsid on \u00fcldotstarbelised traditsioonilised k\u00e4eshoitavad, lamedad ja roostevabast terasest lantsid. Need on Vitrex lantsettide tootevalikus ainsad lantsettid millel puudub turvafunktsiooni. Vitrex Steel lantsetid on saadaval standard- ja allergiaversioonina. Lihtsad, lamedad, [&hellip;]<\/p>\n","protected":false},"author":1,"featured_media":1738,"parent":1348,"menu_order":5,"comment_status":"closed","ping_status":"closed","template":"","meta":{"footnotes":""},"class_list":["post-1410","page","type-page","status-publish","has-post-thumbnail","hentry"],"_links":{"self":[{"href":"https:\/\/www.blsystems.ee\/en\/wp-json\/wp\/v2\/pages\/1410","targetHints":{"allow":["GET"]}}],"collection":[{"href":"https:\/\/www.blsystems.ee\/en\/wp-json\/wp\/v2\/pages"}],"about":[{"href":"https:\/\/www.blsystems.ee\/en\/wp-json\/wp\/v2\/types\/page"}],"author":[{"embeddable":true,"href":"https:\/\/www.blsystems.ee\/en\/wp-json\/wp\/v2\/users\/1"}],"replies":[{"embeddable":true,"href":"https:\/\/www.blsystems.ee\/en\/wp-json\/wp\/v2\/comments?post=1410"}],"version-history":[{"count":3,"href":"https:\/\/www.blsystems.ee\/en\/wp-json\/wp\/v2\/pages\/1410\/revisions"}],"predecessor-version":[{"id":1986,"href":"https:\/\/www.blsystems.ee\/en\/wp-json\/wp\/v2\/pages\/1410\/revisions\/1986"}],"up":[{"embeddable":true,"href":"https:\/\/www.blsystems.ee\/en\/wp-json\/wp\/v2\/pages\/1348"}],"wp:featuredmedia":[{"embeddable":true,"href":"https:\/\/www.blsystems.ee\/en\/wp-json\/wp\/v2\/media\/1738"}],"wp:attachment":[{"href":"https:\/\/www.blsystems.ee\/en\/wp-json\/wp\/v2\/media?parent=1410"}],"curies":[{"name":"wp","href":"https:\/\/api.w.org\/{rel}","templated":true}]}}