{"id":1398,"date":"2020-04-27T09:00:14","date_gmt":"2020-04-27T09:00:14","guid":{"rendered":"http:\/\/www.autocamper.ee\/BLS_test\/?page_id=1398"},"modified":"2020-11-24T16:27:14","modified_gmt":"2020-11-24T14:27:14","slug":"sterilance-lite-iii","status":"publish","type":"page","link":"https:\/\/www.blsystems.ee\/en\/lantsetid\/sterilance-lite-iii\/","title":{"rendered":"Vitrex Sterilance Lite III"},"content":{"rendered":"<blockquote class=\"wp-block-quote is-layout-flow wp-block-quote-is-layout-flow\"><p><a href=\"http:\/\/www.blsystems.ee\/en\/lantsetid\/\">Lancets<\/a>\u00a0| Sterilance Lite III lancets<\/p><\/blockquote>\n\n\n\n<h3 class=\"wp-block-heading\">Vitrex Sterilance Lite III<\/h3>\n\n\n\n<h4 class=\"wp-block-heading\">Steriilne lantsett<\/h4>\n\n\n\n<p class=\"has-regular-font-size\">Vitrex Sterilance Lite lll lantsett on m\u00f5eldud vere gl\u00fckoosisisalduse ja muude in vitro diagnostiliste testide jaoks.<\/p>\n\n\n\n<ul class=\"wp-block-list\"><li>N\u00f5el on t\u00e4ielikult kaetud enne ja p\u00e4rast kasutamist<\/li><li>K\u00f5rgkvaliteetne kolmnurkne n\u00f5el v\u00f5i kahepoolne tera kiireks torke tegemiseks<\/li><li>\u00dchekordseks kasutamiseks. Steriliseeritud gammakiirgusega.<\/li><\/ul>\n\n\n\n<div class=\"wp-block-file\"><a href=\"http:\/\/www.blsystems.ee\/wp-content\/uploads\/2020\/04\/Lite3_Vitrex_Lancets.pdf\" class=\"wp-block-file__button\" download>Brochure<\/a><\/div>","protected":false},"excerpt":{"rendered":"<p>Lantsetid\u00a0| Sterilance Lite III lancets Vitrex Sterilance Lite III Steriilne lantsett Vitrex Sterilance Lite lll lantsett on m\u00f5eldud vere gl\u00fckoosisisalduse ja muude in vitro diagnostiliste testide jaoks. N\u00f5el on t\u00e4ielikult kaetud enne ja p\u00e4rast kasutamist K\u00f5rgkvaliteetne kolmnurkne n\u00f5el v\u00f5i kahepoolne [&hellip;]<\/p>\n","protected":false},"author":1,"featured_media":1729,"parent":1348,"menu_order":4,"comment_status":"closed","ping_status":"closed","template":"","meta":{"footnotes":""},"class_list":["post-1398","page","type-page","status-publish","has-post-thumbnail","hentry"],"_links":{"self":[{"href":"https:\/\/www.blsystems.ee\/en\/wp-json\/wp\/v2\/pages\/1398","targetHints":{"allow":["GET"]}}],"collection":[{"href":"https:\/\/www.blsystems.ee\/en\/wp-json\/wp\/v2\/pages"}],"about":[{"href":"https:\/\/www.blsystems.ee\/en\/wp-json\/wp\/v2\/types\/page"}],"author":[{"embeddable":true,"href":"https:\/\/www.blsystems.ee\/en\/wp-json\/wp\/v2\/users\/1"}],"replies":[{"embeddable":true,"href":"https:\/\/www.blsystems.ee\/en\/wp-json\/wp\/v2\/comments?post=1398"}],"version-history":[{"count":4,"href":"https:\/\/www.blsystems.ee\/en\/wp-json\/wp\/v2\/pages\/1398\/revisions"}],"predecessor-version":[{"id":1991,"href":"https:\/\/www.blsystems.ee\/en\/wp-json\/wp\/v2\/pages\/1398\/revisions\/1991"}],"up":[{"embeddable":true,"href":"https:\/\/www.blsystems.ee\/en\/wp-json\/wp\/v2\/pages\/1348"}],"wp:featuredmedia":[{"embeddable":true,"href":"https:\/\/www.blsystems.ee\/en\/wp-json\/wp\/v2\/media\/1729"}],"wp:attachment":[{"href":"https:\/\/www.blsystems.ee\/en\/wp-json\/wp\/v2\/media?parent=1398"}],"curies":[{"name":"wp","href":"https:\/\/api.w.org\/{rel}","templated":true}]}}