{"id":1369,"date":"2020-04-27T08:31:06","date_gmt":"2020-04-27T08:31:06","guid":{"rendered":"http:\/\/www.autocamper.ee\/BLS_test\/?page_id=1369"},"modified":"2020-11-24T16:26:37","modified_gmt":"2020-11-24T14:26:37","slug":"octaheel-and-steriheel-baby","status":"publish","type":"page","link":"https:\/\/www.blsystems.ee\/en\/lantsetid\/octaheel-and-steriheel-baby\/","title":{"rendered":"Vitrex Octaheel and Steriheel Baby"},"content":{"rendered":"<blockquote class=\"wp-block-quote is-layout-flow wp-block-quote-is-layout-flow\"><p><a href=\"http:\/\/www.blsystems.ee\/en\/lantsetid\/\">Lancets<\/a>\u00a0| Octaheel and Steriheel Baby lancets<\/p><\/blockquote>\n\n\n\n<h3 class=\"wp-block-heading\">Vitrex Octaheel ja Steriheel Baby<\/h3>\n\n\n\n<h4 class=\"wp-block-heading\">Steriilisd lantsetid<\/h4>\n\n\n\n<p class=\"has-regular-font-size\">Vitrex Steriheel Baby lantsetid on kasutamiseks suuremahilise verejooksuks minimaalse torkes\u00fcgavusega. Lantsetid on eelk\u00f5ige m\u00f5eldud kasutamiseks vasts\u00fcndinutel v\u00f5i enneaegsetel. Kuid neid v\u00f5ib kasutada muudel juhtudel kus oluline on minimaalne torkes\u00fcgavus v\u00f5i minimaalne koe kokku surumine. Vitrex Octaheel Baby ja Vitrex Steriheel Baby lantsettidel on samad t\u00e4hised ja omadused, kuid Vitrex Octaheel on toodangus uuem, mis on ergonoomilisem. <\/p>\n\n\n\n<ul class=\"wp-block-list\"><li>Kaitsemehhanismiga<\/li><li>Mitte eemaldatav kaitsemehhanism<\/li><li>Tera on enne ja p\u00e4rast kasutamist t\u00e4ielikult kaetud <\/li><li>Libisemisvastane tekstuur ja \u00fche k\u00e4ega kasutatav<\/li><li>Eelnevalt &#8220;laetud&#8221;, nupule vajutusega disain<\/li><li>\u00dchekordseks kasutamiseks. Steriliseeritud gammakiirgusega <\/li><li>\u00c4\u00e4rmiselt terav tera kiire l\u00f5ikamisega, mis tagab minimaalse trauma ja kiire paranemise<\/li><\/ul>\n\n\n\n<div class=\"wp-block-file\"><a href=\"http:\/\/www.blsystems.ee\/wp-content\/uploads\/2020\/04\/Octaheel_Steriheel_Vitrex_Lancets.pdf\" class=\"wp-block-file__button\" download>Brochure<\/a><\/div>\n\n\n\n<p><\/p>","protected":false},"excerpt":{"rendered":"<p>Lantsetid\u00a0| Octaheel and Steriheel Baby lancets Vitrex Octaheel ja Steriheel Baby Steriilisd lantsetid Vitrex Steriheel Baby lantsetid on kasutamiseks suuremahilise verejooksuks minimaalse torkes\u00fcgavusega. Lantsetid on eelk\u00f5ige m\u00f5eldud kasutamiseks vasts\u00fcndinutel v\u00f5i enneaegsetel. Kuid neid v\u00f5ib kasutada muudel juhtudel kus oluline on [&hellip;]<\/p>\n","protected":false},"author":1,"featured_media":1740,"parent":1348,"menu_order":1,"comment_status":"closed","ping_status":"closed","template":"","meta":{"footnotes":""},"class_list":["post-1369","page","type-page","status-publish","has-post-thumbnail","hentry"],"_links":{"self":[{"href":"https:\/\/www.blsystems.ee\/en\/wp-json\/wp\/v2\/pages\/1369","targetHints":{"allow":["GET"]}}],"collection":[{"href":"https:\/\/www.blsystems.ee\/en\/wp-json\/wp\/v2\/pages"}],"about":[{"href":"https:\/\/www.blsystems.ee\/en\/wp-json\/wp\/v2\/types\/page"}],"author":[{"embeddable":true,"href":"https:\/\/www.blsystems.ee\/en\/wp-json\/wp\/v2\/users\/1"}],"replies":[{"embeddable":true,"href":"https:\/\/www.blsystems.ee\/en\/wp-json\/wp\/v2\/comments?post=1369"}],"version-history":[{"count":4,"href":"https:\/\/www.blsystems.ee\/en\/wp-json\/wp\/v2\/pages\/1369\/revisions"}],"predecessor-version":[{"id":1987,"href":"https:\/\/www.blsystems.ee\/en\/wp-json\/wp\/v2\/pages\/1369\/revisions\/1987"}],"up":[{"embeddable":true,"href":"https:\/\/www.blsystems.ee\/en\/wp-json\/wp\/v2\/pages\/1348"}],"wp:featuredmedia":[{"embeddable":true,"href":"https:\/\/www.blsystems.ee\/en\/wp-json\/wp\/v2\/media\/1740"}],"wp:attachment":[{"href":"https:\/\/www.blsystems.ee\/en\/wp-json\/wp\/v2\/media?parent=1369"}],"curies":[{"name":"wp","href":"https:\/\/api.w.org\/{rel}","templated":true}]}}