{"id":1266,"date":"2020-04-22T10:54:14","date_gmt":"2020-04-22T10:54:14","guid":{"rendered":"http:\/\/www.autocamper.ee\/BLS_test\/?page_id=1266"},"modified":"2020-11-24T16:14:32","modified_gmt":"2020-11-24T14:14:32","slug":"alcoblow","status":"publish","type":"page","link":"https:\/\/www.blsystems.ee\/en\/alkomeetrid\/alcoblow\/","title":{"rendered":"Lion Alocblow"},"content":{"rendered":"<blockquote class=\"wp-block-quote is-layout-flow wp-block-quote-is-layout-flow\"><p><a href=\"http:\/\/www.blsystems.ee\/en\/alkomeetrid\/\">Alcometers<\/a> | Lion Alcoblow<\/p><\/blockquote>\n\n\n\n<p class=\"has-regular-font-size\">The lion AlcoBlow\u00ae is a simple to use, rapid response instrument used to determine whether or not a person has any alcohol in their breath. It uses the Lion fuel cell sensor, so the reading is unlikely to be affected by anything but alcohol.<br><br>There is no physical contact between the subject and instrument, so there is no mouthpiece to replace for each test.<br><br>AlcoBlow\u00ae is ideally suited for use in situations where a large number of people have to be tested, and with the minimum of intrusion: for example, Police roadblocks, prisons, at the entrance to a mine, factory or safety-critical establishment.<\/p>\n\n\n\n<div class=\"wp-block-file\"><a href=\"http:\/\/www.blsystems.ee\/wp-content\/uploads\/2020\/04\/brochure-alcoblow.pdf\" class=\"wp-block-file__button\" download>Brochure<\/a><\/div>\n\n\n\n<p><\/p>","protected":false},"excerpt":{"rendered":"<p>Alkomeetrid | Lion Alcoblow V\u00e4ga kiire reaktsiooniajaga lihtne seade v\u00e4ljahingatavas \u00f5hus oleva alkoholi olemasolu kiireks m\u00e4\u00e4ramiseks. Seadmes kasutatakse firma Lion elektrokeemilist andurit, mist\u00f5ttu on \u00e4\u00e4rmiselt ebat\u00f5en\u00e4oline, et kontrollitava \u00f5huproovi tulemus oleks m\u00f5ne muu aine poolt m\u00f5jutatud. Antud seadme puhul ei [&hellip;]<\/p>\n","protected":false},"author":1,"featured_media":265,"parent":128,"menu_order":0,"comment_status":"closed","ping_status":"closed","template":"","meta":{"footnotes":""},"class_list":["post-1266","page","type-page","status-publish","has-post-thumbnail","hentry"],"_links":{"self":[{"href":"https:\/\/www.blsystems.ee\/en\/wp-json\/wp\/v2\/pages\/1266","targetHints":{"allow":["GET"]}}],"collection":[{"href":"https:\/\/www.blsystems.ee\/en\/wp-json\/wp\/v2\/pages"}],"about":[{"href":"https:\/\/www.blsystems.ee\/en\/wp-json\/wp\/v2\/types\/page"}],"author":[{"embeddable":true,"href":"https:\/\/www.blsystems.ee\/en\/wp-json\/wp\/v2\/users\/1"}],"replies":[{"embeddable":true,"href":"https:\/\/www.blsystems.ee\/en\/wp-json\/wp\/v2\/comments?post=1266"}],"version-history":[{"count":2,"href":"https:\/\/www.blsystems.ee\/en\/wp-json\/wp\/v2\/pages\/1266\/revisions"}],"predecessor-version":[{"id":1964,"href":"https:\/\/www.blsystems.ee\/en\/wp-json\/wp\/v2\/pages\/1266\/revisions\/1964"}],"up":[{"embeddable":true,"href":"https:\/\/www.blsystems.ee\/en\/wp-json\/wp\/v2\/pages\/128"}],"wp:featuredmedia":[{"embeddable":true,"href":"https:\/\/www.blsystems.ee\/en\/wp-json\/wp\/v2\/media\/265"}],"wp:attachment":[{"href":"https:\/\/www.blsystems.ee\/en\/wp-json\/wp\/v2\/media?parent=1266"}],"curies":[{"name":"wp","href":"https:\/\/api.w.org\/{rel}","templated":true}]}}