{"id":1217,"date":"2020-04-22T08:48:40","date_gmt":"2020-04-22T08:48:40","guid":{"rendered":"http:\/\/www.autocamper.ee\/BLS_test\/?page_id=1217"},"modified":"2020-12-01T15:39:14","modified_gmt":"2020-12-01T13:39:14","slug":"edukas-eesti-ettevote","status":"publish","type":"page","link":"https:\/\/www.blsystems.ee\/en\/edukas-eesti-ettevote\/","title":{"rendered":"Successful Estonian Company"},"content":{"rendered":"<h4 class=\"wp-block-heading\">Successful Estonian Company<\/h4>\n\n\n\n<hr class=\"wp-block-separator is-style-wide\"\/>\n\n\n\n<p>AS Creditinfo Eesti tunnustab \u201eEdukas Eesti Ettev\u00f5tte\u201c tunnistusega tublisid Eesti ettev\u00f5tteid, kelle majanduslik seisukord on <a href=\"https:\/\/www.creditinfo.ee\/reiting\/\">Creditinfo Reitingu<\/a> j\u00e4rgi suurep\u00e4rane (AAA), v\u00e4ga hea (AA) v\u00f5i hea (A).<\/p>\n\n\n\n<p>Firma Baltic Laboratory Systems O\u00dc on tunnustatud \u201eEdukas Eesti Ettev\u00f5tte\u201c tunnistusega j\u00e4rgmistel aastatel:<\/p>\n\n\n\n<ul class=\"wp-block-list\"><li>2019. aasta majandusandmete p\u00f5hjal reiting &#8220;v\u00e4ga hea&#8221;<\/li><li>2018. aasta majandusandmete p\u00f5hjal reiting &#8220;v\u00e4ga hea&#8221;<\/li><li>2017. aasta majandusandmete p\u00f5hjal reiting &#8220;v\u00e4ga hea&#8221;<\/li><li>2016. aasta majandusandmete p\u00f5hjal reiting &#8220;v\u00e4ga hea&#8221;<\/li><li>2015. aasta majandusandmete p\u00f5hjal reiting &#8220;v\u00e4ga hea&#8221;<\/li><li>2014. aasta majandusandmete p\u00f5hjal reiting &#8220;v\u00e4ga hea&#8221;<\/li><li>2013. aasta majandusandmete p\u00f5hjal reiting &#8220;suurep\u00e4rane&#8221;<\/li><li>2012. aasta majandusandmete p\u00f5hjal reiting &#8220;v\u00e4ga hea&#8221;<\/li><li>2011. aasta majandusandmete p\u00f5hjal reiting &#8220;v\u00e4ga hea&#8221;<\/li><li>2010. aasta majandusandmete p\u00f5hjal reiting &#8220;v\u00e4ga hea&#8221;<\/li><li>2009. aasta majandusandmete p\u00f5hjal reiting &#8220;v\u00e4ga hea&#8221;<\/li><li>2008. aasta majandusandmete p\u00f5hjal reiting &#8220;v\u00e4ga hea&#8221;<\/li><li>2007. aasta majandusandmete p\u00f5hjal reiting &#8220;hea&#8221;<\/li><li>2006. aasta majandusandmete p\u00f5hjal reiting &#8220;hea&#8221;<\/li><\/ul>\n\n\n\n<h4 class=\"wp-block-heading\" id=\"block-60def553-410d-4bd0-99ac-96c8f601fe58\"><img decoding=\"async\" src=\"http:\/\/www.blsystems.ee\/wp-content\/uploads\/2020\/08\/strongest_logo_1Y_darkgold_est.jpg\" alt=\"\" style=\"width: 175px;\"><\/h4>","protected":false},"excerpt":{"rendered":"<p>Edukas Eesti Ettev\u00f5te AS Creditinfo Eesti tunnustab \u201eEdukas Eesti Ettev\u00f5tte\u201c tunnistusega tublisid Eesti ettev\u00f5tteid, kelle majanduslik seisukord on Creditinfo Reitingu j\u00e4rgi suurep\u00e4rane (AAA), v\u00e4ga hea (AA) v\u00f5i hea (A). Firma Baltic Laboratory Systems O\u00dc on tunnustatud \u201eEdukas Eesti Ettev\u00f5tte\u201c tunnistusega [&hellip;]<\/p>\n","protected":false},"author":1,"featured_media":0,"parent":0,"menu_order":0,"comment_status":"closed","ping_status":"closed","template":"","meta":{"footnotes":""},"class_list":["post-1217","page","type-page","status-publish","hentry"],"_links":{"self":[{"href":"https:\/\/www.blsystems.ee\/en\/wp-json\/wp\/v2\/pages\/1217","targetHints":{"allow":["GET"]}}],"collection":[{"href":"https:\/\/www.blsystems.ee\/en\/wp-json\/wp\/v2\/pages"}],"about":[{"href":"https:\/\/www.blsystems.ee\/en\/wp-json\/wp\/v2\/types\/page"}],"author":[{"embeddable":true,"href":"https:\/\/www.blsystems.ee\/en\/wp-json\/wp\/v2\/users\/1"}],"replies":[{"embeddable":true,"href":"https:\/\/www.blsystems.ee\/en\/wp-json\/wp\/v2\/comments?post=1217"}],"version-history":[{"count":6,"href":"https:\/\/www.blsystems.ee\/en\/wp-json\/wp\/v2\/pages\/1217\/revisions"}],"predecessor-version":[{"id":2018,"href":"https:\/\/www.blsystems.ee\/en\/wp-json\/wp\/v2\/pages\/1217\/revisions\/2018"}],"wp:attachment":[{"href":"https:\/\/www.blsystems.ee\/en\/wp-json\/wp\/v2\/media?parent=1217"}],"curies":[{"name":"wp","href":"https:\/\/api.w.org\/{rel}","templated":true}]}}