{"id":110,"date":"2020-03-11T08:10:19","date_gmt":"2020-03-11T08:10:19","guid":{"rendered":"http:\/\/www.autocamper.ee\/BLS_test\/?page_id=110"},"modified":"2025-11-06T12:21:07","modified_gmt":"2025-11-06T10:21:07","slug":"lion-laboratories-ltd","status":"publish","type":"page","link":"https:\/\/www.blsystems.ee\/en\/koostoopartnerid\/lion-laboratories-ltd\/","title":{"rendered":"Lion Laboratories Ltd"},"content":{"rendered":"<blockquote class=\"wp-block-quote is-layout-flow wp-block-quote-is-layout-flow\">\n<p><a href=\"http:\/\/www.blsystems.ee\/en\/koostoopartnerid\/\">Partners<\/a> | Lion laboraotries Ltd<\/p>\n<\/blockquote>\n\n\n\n<figure class=\"wp-block-image size-full is-resized\"><img loading=\"lazy\" decoding=\"async\" width=\"1024\" height=\"723\" src=\"https:\/\/www.blsystems.ee\/wp-content\/uploads\/2025\/11\/202510-LionLaboratories-Logo-DarkBackground-1024x723-1.png\" alt=\"\" class=\"wp-image-2679\" style=\"width:223px;height:auto\" srcset=\"https:\/\/www.blsystems.ee\/wp-content\/uploads\/2025\/11\/202510-LionLaboratories-Logo-DarkBackground-1024x723-1.png 1024w, https:\/\/www.blsystems.ee\/wp-content\/uploads\/2025\/11\/202510-LionLaboratories-Logo-DarkBackground-1024x723-1-300x212.png 300w, https:\/\/www.blsystems.ee\/wp-content\/uploads\/2025\/11\/202510-LionLaboratories-Logo-DarkBackground-1024x723-1-768x542.png 768w, https:\/\/www.blsystems.ee\/wp-content\/uploads\/2025\/11\/202510-LionLaboratories-Logo-DarkBackground-1024x723-1-18x12.png 18w\" sizes=\"auto, (max-width: 1024px) 100vw, 1024px\" \/><\/figure>\n\n\n\n<h4 class=\"wp-block-heading\"><\/h4>\n\n\n\n<p class=\"has-regular-font-size translation-block\">Lion operates from its own purpose-built premises in Barry, South Wales, United Kingdom, and specialises in the field of breath alcohol analysis. We supply much of the equipment used by the UK police, and export to some 70 countries worldwide through a network of local distributors.\n\nToday, with its US sister company CMI, Lion Laboratories Ltd is recognised as a market leader in breath alcohol testing. We are a fully vertically integrated company, carrying out all our own research, engineering product development, manufacturing, marketing and sales.<\/p>","protected":false},"excerpt":{"rendered":"<p>Koost\u00f6\u00f6partnerid | Lion laboraotries Ltd Inglise firma Lion Laboratories Ltd on firma, mis toodab k\u00f5rgekvaliteetseid alkoholiandureid ning nii nende baasil kui ka infrapunases diapasoonis t\u00f6\u00f6tavaid alkomeetreid. Eesk\u00e4tt kasutavad neid seadmeid korrakaitseorganid, kuid need seadmed on laialdaselt kasutuses ka erinevates ettev\u00f5tetes [&hellip;]<\/p>\n","protected":false},"author":1,"featured_media":1645,"parent":18,"menu_order":0,"comment_status":"closed","ping_status":"closed","template":"","meta":{"footnotes":""},"class_list":["post-110","page","type-page","status-publish","has-post-thumbnail","hentry"],"_links":{"self":[{"href":"https:\/\/www.blsystems.ee\/en\/wp-json\/wp\/v2\/pages\/110","targetHints":{"allow":["GET"]}}],"collection":[{"href":"https:\/\/www.blsystems.ee\/en\/wp-json\/wp\/v2\/pages"}],"about":[{"href":"https:\/\/www.blsystems.ee\/en\/wp-json\/wp\/v2\/types\/page"}],"author":[{"embeddable":true,"href":"https:\/\/www.blsystems.ee\/en\/wp-json\/wp\/v2\/users\/1"}],"replies":[{"embeddable":true,"href":"https:\/\/www.blsystems.ee\/en\/wp-json\/wp\/v2\/comments?post=110"}],"version-history":[{"count":4,"href":"https:\/\/www.blsystems.ee\/en\/wp-json\/wp\/v2\/pages\/110\/revisions"}],"predecessor-version":[{"id":2680,"href":"https:\/\/www.blsystems.ee\/en\/wp-json\/wp\/v2\/pages\/110\/revisions\/2680"}],"up":[{"embeddable":true,"href":"https:\/\/www.blsystems.ee\/en\/wp-json\/wp\/v2\/pages\/18"}],"wp:featuredmedia":[{"embeddable":true,"href":"https:\/\/www.blsystems.ee\/en\/wp-json\/wp\/v2\/media\/1645"}],"wp:attachment":[{"href":"https:\/\/www.blsystems.ee\/en\/wp-json\/wp\/v2\/media?parent=110"}],"curies":[{"name":"wp","href":"https:\/\/api.w.org\/{rel}","templated":true}]}}