{"id":1056,"date":"2020-04-20T08:28:27","date_gmt":"2020-04-20T08:28:27","guid":{"rendered":"http:\/\/www.autocamper.ee\/BLS_test\/?page_id=1056"},"modified":"2020-11-24T16:18:39","modified_gmt":"2020-11-24T14:18:39","slug":"drugwipe-s","status":"publish","type":"page","link":"https:\/\/www.blsystems.ee\/en\/narkotestid\/drugwipe-s\/","title":{"rendered":"DrugWipe S"},"content":{"rendered":"<blockquote class=\"wp-block-quote is-layout-flow wp-block-quote-is-layout-flow\"><p><a href=\"http:\/\/www.blsystems.ee\/en\/narkotestid\/\">Drug tests<\/a>\u00a0| DrugWipe S<\/p><\/blockquote>\n\n\n\n<p><img loading=\"lazy\" decoding=\"async\" width=\"50\" height=\"57\" class=\"wp-image-1083\" style=\"width: 50px;\" alt=\"\" src=\"http:\/\/www.blsystems.ee\/wp-content\/uploads\/2020\/04\/kombiniert.png\"> Saliva drug test<\/p>\n\n\n\n<p class=\"has-regular-font-size\">DrugWipe\u00ae S is designed for testing use of drugs. The test can identify substances in saliva that have been recently consumed or handled (court application).<\/p>\n\n\n\n<h4 class=\"wp-block-heading\">Testing principle<\/h4>\n\n\n\n<p class=\"has-regular-font-size\">DrugWipe\u00ae S is an immunological rapid screening test. The sampler transfers the sample to test strips containing drug-specific antibodies. If the sample contains drugs, they will bind to the antibodies.<\/p>\n\n\n\n<p class=\"has-regular-font-size\">Result in 5 minutes.<br><\/p>\n\n\n\n<h4 class=\"wp-block-heading\">DrugWipe 5S:<\/h4>\n\n\n\n<ul class=\"wp-block-list\"><li>Methamphetamine (MDMA, Ecstasy)<\/li><li>Cannabis (Marihuana\/Hashish\/THC),<\/li><li>Amphetamines\/Methamphetamines\/Ecstasy,<\/li><li>Cocaine\/Crack, Opiates (Morphine\/Heroin)<\/li><\/ul>\n\n\n\n<h4 class=\"wp-block-heading\">DrugWipe 6S:<\/h4>\n\n\n\n<ul class=\"wp-block-list\"><li>Cannabis (Marihuana\/Hashish\/THC), Amphetamines\/Methamphetamines\/Ecstasy, <strong>Ketamine<\/strong>, Cocaine\/Crack, Opiates (Morphine\/Heroin<\/li><li>Cannabis (Marihuana\/Hashish\/THC), Amphetamines\/Methamphetamines\/Ecstasy, <strong>Benzodiazepines<\/strong>, Cocaine\/Crack, Opiates (Morphine\/Heroin)<\/li><\/ul>\n\n\n\n<div class=\"wp-block-file\"><a href=\"http:\/\/www.blsystems.ee\/wp-content\/uploads\/2020\/04\/brochure_saliva_drug_test_drugwipe_en_180413.pdf\" class=\"wp-block-file__button\" download>Brochure<\/a><\/div>","protected":false},"excerpt":{"rendered":"<p>Narkotestid\u00a0| DrugWipe S S\u00fcljetest DrugWipe\u00ae S on ette n\u00e4htud uimastite kasutuse testimiseks, mida tohivad l\u00e4bi viia koolitatud asjatundjad. Testiga saab tuvastada s\u00fcljes sisalduvaid aineid, mis n\u00e4itavad, et testitav on neid hiljuti tarbinud v\u00f5i k\u00e4sitsenud (kohtutaotlus). Testimisp\u00f5him\u00f5te DrugWipe\u00ae S on immunoloogiline [&hellip;]<\/p>\n","protected":false},"author":1,"featured_media":357,"parent":436,"menu_order":0,"comment_status":"closed","ping_status":"closed","template":"","meta":{"footnotes":""},"class_list":["post-1056","page","type-page","status-publish","has-post-thumbnail","hentry"],"_links":{"self":[{"href":"https:\/\/www.blsystems.ee\/en\/wp-json\/wp\/v2\/pages\/1056","targetHints":{"allow":["GET"]}}],"collection":[{"href":"https:\/\/www.blsystems.ee\/en\/wp-json\/wp\/v2\/pages"}],"about":[{"href":"https:\/\/www.blsystems.ee\/en\/wp-json\/wp\/v2\/types\/page"}],"author":[{"embeddable":true,"href":"https:\/\/www.blsystems.ee\/en\/wp-json\/wp\/v2\/users\/1"}],"replies":[{"embeddable":true,"href":"https:\/\/www.blsystems.ee\/en\/wp-json\/wp\/v2\/comments?post=1056"}],"version-history":[{"count":2,"href":"https:\/\/www.blsystems.ee\/en\/wp-json\/wp\/v2\/pages\/1056\/revisions"}],"predecessor-version":[{"id":1971,"href":"https:\/\/www.blsystems.ee\/en\/wp-json\/wp\/v2\/pages\/1056\/revisions\/1971"}],"up":[{"embeddable":true,"href":"https:\/\/www.blsystems.ee\/en\/wp-json\/wp\/v2\/pages\/436"}],"wp:featuredmedia":[{"embeddable":true,"href":"https:\/\/www.blsystems.ee\/en\/wp-json\/wp\/v2\/media\/357"}],"wp:attachment":[{"href":"https:\/\/www.blsystems.ee\/en\/wp-json\/wp\/v2\/media?parent=1056"}],"curies":[{"name":"wp","href":"https:\/\/api.w.org\/{rel}","templated":true}]}}