{"id":1029,"date":"2020-04-20T07:59:29","date_gmt":"2020-04-20T07:59:29","guid":{"rendered":"http:\/\/www.autocamper.ee\/BLS_test\/?page_id=1029"},"modified":"2020-11-24T16:16:30","modified_gmt":"2020-11-24T14:16:30","slug":"lion-interlock-ds-25","status":"publish","type":"page","link":"https:\/\/www.blsystems.ee\/en\/alkolukud\/lion-interlock-ds-25\/","title":{"rendered":"Lion Interlock DS-25RS"},"content":{"rendered":"<blockquote class=\"wp-block-quote is-layout-flow wp-block-quote-is-layout-flow\"><p><a href=\"http:\/\/www.blsystems.ee\/en\/alkolukud\/\">Alcolocks<\/a> | Lion Interlock DS-25RS<\/p><\/blockquote>\n\n\n\n<p class=\"has-regular-font-size\">The <strong>lion DS<sup>\u00ae<\/sup><\/strong> vehicle interlock is a fully approved <strong>Breath Alcohol Ignition Interlock Device.<\/strong><\/p>\n\n\n\n<p class=\"has-regular-font-size\">The lion DS<sup>\u00ae<\/sup>-25 RS meets CENELEC EN50436 Parts 1 and 2 (2014) + A1 (2015) E-Mark, connecting the technology of the lion alcolmeter breathalyser to a vehicle immobiliser, eliminating the potential for a driver under the influence of alcohol to be in control of a vehicle on public roads and highways.<\/p>\n\n\n\n<p class=\"has-regular-font-size\">The lion DS<sup>\u00ae<\/sup>-25 RS offers the user considerable flexibility with regards to connectivity of third party devices such as cameras, GPS, telemetry and GSM systems.<\/p>\n\n\n\n<p class=\"has-regular-font-size\">The vehicle interlock is established and recognised worldwide as a significant contributor to the reduction of drink driving.<\/p>\n\n\n\n<div class=\"wp-block-file\"><a href=\"http:\/\/www.blsystems.ee\/wp-content\/uploads\/2020\/04\/brochure-DS25-Interlock.pdf\" class=\"wp-block-file__button\" download>DS-25 bro\u017e\u00fc\u00fcr<\/a><\/div>","protected":false},"excerpt":{"rendered":"<p>Alkolukud | Lion Interlock DS-25RS The lion DS\u00ae vehicle interlock is a fully approved Breath Alcohol Ignition Interlock Device. The lion DS\u00ae-25 RS meets CENELEC EN50436 Parts 1 and 2 (2014) + A1 (2015) E-Mark, connecting the technology of the [&hellip;]<\/p>\n","protected":false},"author":1,"featured_media":1667,"parent":130,"menu_order":0,"comment_status":"closed","ping_status":"closed","template":"","meta":{"footnotes":""},"class_list":["post-1029","page","type-page","status-publish","has-post-thumbnail","hentry"],"_links":{"self":[{"href":"https:\/\/www.blsystems.ee\/en\/wp-json\/wp\/v2\/pages\/1029","targetHints":{"allow":["GET"]}}],"collection":[{"href":"https:\/\/www.blsystems.ee\/en\/wp-json\/wp\/v2\/pages"}],"about":[{"href":"https:\/\/www.blsystems.ee\/en\/wp-json\/wp\/v2\/types\/page"}],"author":[{"embeddable":true,"href":"https:\/\/www.blsystems.ee\/en\/wp-json\/wp\/v2\/users\/1"}],"replies":[{"embeddable":true,"href":"https:\/\/www.blsystems.ee\/en\/wp-json\/wp\/v2\/comments?post=1029"}],"version-history":[{"count":3,"href":"https:\/\/www.blsystems.ee\/en\/wp-json\/wp\/v2\/pages\/1029\/revisions"}],"predecessor-version":[{"id":1967,"href":"https:\/\/www.blsystems.ee\/en\/wp-json\/wp\/v2\/pages\/1029\/revisions\/1967"}],"up":[{"embeddable":true,"href":"https:\/\/www.blsystems.ee\/en\/wp-json\/wp\/v2\/pages\/130"}],"wp:featuredmedia":[{"embeddable":true,"href":"https:\/\/www.blsystems.ee\/en\/wp-json\/wp\/v2\/media\/1667"}],"wp:attachment":[{"href":"https:\/\/www.blsystems.ee\/en\/wp-json\/wp\/v2\/media?parent=1029"}],"curies":[{"name":"wp","href":"https:\/\/api.w.org\/{rel}","templated":true}]}}